{"id":1773,"date":"2025-04-21T17:13:48","date_gmt":"2025-04-21T15:13:48","guid":{"rendered":"https:\/\/www.arpapoda.com\/?page_id=1773"},"modified":"2025-04-21T17:20:51","modified_gmt":"2025-04-21T15:20:51","slug":"costa-del-sol","status":"publish","type":"page","link":"https:\/\/www.arpapoda.com\/en\/costa-del-sol\/","title":{"rendered":"Costa del sol"},"content":{"rendered":"<div data-elementor-type=\"wp-page\" data-elementor-id=\"1773\" class=\"elementor elementor-1773\" data-elementor-post-type=\"page\">\n\t\t\t\t<div class=\"elementor-element elementor-element-04ddf8c e-con-full e-flex e-con e-parent\" data-id=\"04ddf8c\" data-element_type=\"container\" data-e-type=\"container\" data-settings=\"{&quot;background_background&quot;:&quot;classic&quot;,&quot;shape_divider_bottom&quot;:&quot;mountains&quot;}\">\n\t\t\t\t<div class=\"elementor-shape elementor-shape-bottom\" aria-hidden=\"true\" data-negative=\"false\">\n\t\t\t<svg xmlns=\"http:\/\/www.w3.org\/2000\/svg\" viewbox=\"0 0 1000 100\" preserveaspectratio=\"none\">\n\t<path class=\"elementor-shape-fill\" opacity=\"0.33\" d=\"M473,67.3c-203.9,88.3-263.1-34-320.3,0C66,119.1,0,59.7,0,59.7V0h1000v59.7 c0,0-62.1,26.1-94.9,29.3c-32.8,3.3-62.8-12.3-75.8-22.1C806,49.6,745.3,8.7,694.9,4.7S492.4,59,473,67.3z\"\/>\n\t<path class=\"elementor-shape-fill\" opacity=\"0.66\" d=\"M734,67.3c-45.5,0-77.2-23.2-129.1-39.1c-28.6-8.7-150.3-10.1-254,39.1 s-91.7-34.4-149.2,0C115.7,118.3,0,39.8,0,39.8V0h1000v36.5c0,0-28.2-18.5-92.1-18.5C810.2,18.1,775.7,67.3,734,67.3z\"\/>\n\t<path class=\"elementor-shape-fill\" d=\"M766.1,28.9c-200-57.5-266,65.5-395.1,19.5C242,1.8,242,5.4,184.8,20.6C128,35.8,132.3,44.9,89.9,52.5C28.6,63.7,0,0,0,0 h1000c0,0-9.9,40.9-83.6,48.1S829.6,47,766.1,28.9z\"\/>\n<\/svg>\t\t<\/div>\n\t\t\t\t<div class=\"elementor-element elementor-element-3bf661a elementor-widget elementor-widget-heading\" data-id=\"3bf661a\" data-element_type=\"widget\" data-e-type=\"widget\" data-widget_type=\"heading.default\">\n\t\t\t\t<div class=\"elementor-widget-container\">\n\t\t\t\t\t<h1 class=\"elementor-heading-title elementor-size-default\">Costa del sol<\/h1>\t\t\t\t<\/div>\n\t\t\t\t<\/div>\n\t\t\t\t<\/div>\n\t\t<div class=\"elementor-element elementor-element-a1c7c5c e-flex e-con-boxed e-con e-parent\" data-id=\"a1c7c5c\" data-element_type=\"container\" data-e-type=\"container\">\n\t\t\t\t\t<div class=\"e-con-inner\">\n\t\t\t\t<div class=\"elementor-element elementor-element-26c249f elementor-widget elementor-widget-heading\" data-id=\"26c249f\" data-element_type=\"widget\" data-e-type=\"widget\" data-widget_type=\"heading.default\">\n\t\t\t\t<div class=\"elementor-widget-container\">\n\t\t\t\t\t<h2 class=\"elementor-heading-title elementor-size-default\">Cuido de \u00e1rboles, jardines y palmeras en la Costa del Sol. Paisajismo profesional con desplazamiento directo hasta tu vivienda o negocio.<\/h2>\t\t\t\t<\/div>\n\t\t\t\t<\/div>\n\t\t\t\t\t<\/div>\n\t\t\t\t<\/div>\n\t\t<div class=\"elementor-element elementor-element-8a3841e e-flex e-con-boxed e-con e-parent\" data-id=\"8a3841e\" data-element_type=\"container\" data-e-type=\"container\">\n\t\t\t\t\t<div class=\"e-con-inner\">\n\t\t<div class=\"elementor-element elementor-element-8acba24 e-con-full e-flex e-con e-child\" data-id=\"8acba24\" data-element_type=\"container\" data-e-type=\"container\">\n\t\t\t\t<div class=\"elementor-element elementor-element-d15c523 elementor-widget elementor-widget-heading\" data-id=\"d15c523\" data-element_type=\"widget\" data-e-type=\"widget\" data-widget_type=\"heading.default\">\n\t\t\t\t<div class=\"elementor-widget-container\">\n\t\t\t\t\t<h2 class=\"elementor-heading-title elementor-size-default\">Jardines sostenibles frente al Mediterr\u00e1neo<\/h2>\t\t\t\t<\/div>\n\t\t\t\t<\/div>\n\t\t\t\t<div class=\"elementor-element elementor-element-57c6661 elementor-widget elementor-widget-text-editor\" data-id=\"57c6661\" data-element_type=\"widget\" data-e-type=\"widget\" data-widget_type=\"text-editor.default\">\n\t\t\t\t<div class=\"elementor-widget-container\">\n\t\t\t\t\t\t\t\t\t<p>En toda la Costa del Sol cuido \u00e1rboles, jardines y palmeras con atenci\u00f3n experta y soluciones personalizadas. <br \/><br \/>Me desplazo hasta tu domicilio para ofrecerte servicios integrales de paisajismo, poda en altura y mantenimiento sostenible, adaptados al clima y a tu estilo de vida.<\/p>\t\t\t\t\t\t\t\t<\/div>\n\t\t\t\t<\/div>\n\t\t\t\t<\/div>\n\t\t<div class=\"elementor-element elementor-element-5c22371 e-con-full e-flex e-con e-child\" data-id=\"5c22371\" data-element_type=\"container\" data-e-type=\"container\">\n\t\t\t\t<div class=\"elementor-element elementor-element-f848c85 elementor-widget elementor-widget-image\" data-id=\"f848c85\" data-element_type=\"widget\" data-e-type=\"widget\" data-widget_type=\"image.default\">\n\t\t\t\t<div class=\"elementor-widget-container\">\n\t\t\t\t\t\t\t\t\t\t\t\t\t\t\t<img fetchpriority=\"high\" decoding=\"async\" width=\"540\" height=\"335\" src=\"https:\/\/www.arpapoda.com\/wp-content\/uploads\/2025\/04\/4Frame-258.jpg\" class=\"attachment-full size-full wp-image-1734\" alt=\"\" srcset=\"https:\/\/www.arpapoda.com\/wp-content\/uploads\/2025\/04\/4Frame-258.jpg 540w, https:\/\/www.arpapoda.com\/wp-content\/uploads\/2025\/04\/4Frame-258-300x186.jpg 300w\" sizes=\"(max-width: 540px) 100vw, 540px\" \/>\t\t\t\t\t\t\t\t\t\t\t\t\t\t\t<\/div>\n\t\t\t\t<\/div>\n\t\t\t\t<\/div>\n\t\t\t\t\t<\/div>\n\t\t\t\t<\/div>\n\t\t\t\t<\/div>","protected":false},"excerpt":{"rendered":"<p>Costa del sol Cuido de \u00e1rboles, jardines y palmeras en la Costa del Sol. Paisajismo profesional con desplazamiento directo hasta tu vivienda o negocio. Jardines sostenibles frente al Mediterr\u00e1neo En toda la Costa del Sol cuido \u00e1rboles, jardines y palmeras con atenci\u00f3n experta y soluciones personalizadas. Me desplazo hasta tu domicilio para ofrecerte servicios integrales [&hellip;]<\/p>\n","protected":false},"author":1,"featured_media":0,"parent":0,"menu_order":0,"comment_status":"closed","ping_status":"closed","template":"","meta":{"footnotes":""},"class_list":["post-1773","page","type-page","status-publish","hentry"],"yoast_head":"<!-- This site is optimized with the Yoast SEO plugin v27.4 - https:\/\/yoast.com\/product\/yoast-seo-wordpress\/ -->\n<title>Costa del sol - Transforma tu jard\u00edn con ARPA<\/title>\n<meta name=\"robots\" content=\"index, follow, max-snippet:-1, max-image-preview:large, max-video-preview:-1\" \/>\n<link rel=\"canonical\" href=\"https:\/\/www.arpapoda.com\/en\/costa-del-sol\/\" \/>\n<meta property=\"og:locale\" content=\"en_GB\" \/>\n<meta property=\"og:type\" content=\"article\" \/>\n<meta property=\"og:title\" content=\"Costa del sol - Transforma tu jard\u00edn con ARPA\" \/>\n<meta property=\"og:description\" content=\"Costa del sol Cuido de \u00e1rboles, jardines y palmeras en la Costa del Sol. Paisajismo profesional con desplazamiento directo hasta tu vivienda o negocio. Jardines sostenibles frente al Mediterr\u00e1neo En toda la Costa del Sol cuido \u00e1rboles, jardines y palmeras con atenci\u00f3n experta y soluciones personalizadas. Me desplazo hasta tu domicilio para ofrecerte servicios integrales [&hellip;]\" \/>\n<meta property=\"og:url\" content=\"https:\/\/www.arpapoda.com\/en\/costa-del-sol\/\" \/>\n<meta property=\"og:site_name\" content=\"Transforma tu jard\u00edn con ARPA\" \/>\n<meta property=\"article:modified_time\" content=\"2025-04-21T15:20:51+00:00\" \/>\n<meta property=\"og:image\" content=\"https:\/\/www.arpapoda.com\/wp-content\/uploads\/2025\/04\/4Frame-258.jpg\" \/>\n<meta name=\"twitter:card\" content=\"summary_large_image\" \/>\n<meta name=\"twitter:label1\" content=\"Estimated reading time\" \/>\n\t<meta name=\"twitter:data1\" content=\"1 minute\" \/>\n<script type=\"application\/ld+json\" class=\"yoast-schema-graph\">{\"@context\":\"https:\\\/\\\/schema.org\",\"@graph\":[{\"@type\":\"WebPage\",\"@id\":\"https:\\\/\\\/www.arpapoda.com\\\/en\\\/costa-del-sol\\\/\",\"url\":\"https:\\\/\\\/www.arpapoda.com\\\/en\\\/costa-del-sol\\\/\",\"name\":\"Costa del sol - Transforma tu jard\u00edn con ARPA\",\"isPartOf\":{\"@id\":\"https:\\\/\\\/www.arpapoda.com\\\/es\\\/#website\"},\"primaryImageOfPage\":{\"@id\":\"https:\\\/\\\/www.arpapoda.com\\\/en\\\/costa-del-sol\\\/#primaryimage\"},\"image\":{\"@id\":\"https:\\\/\\\/www.arpapoda.com\\\/en\\\/costa-del-sol\\\/#primaryimage\"},\"thumbnailUrl\":\"https:\\\/\\\/www.arpapoda.com\\\/wp-content\\\/uploads\\\/2025\\\/04\\\/4Frame-258.jpg\",\"datePublished\":\"2025-04-21T15:13:48+00:00\",\"dateModified\":\"2025-04-21T15:20:51+00:00\",\"breadcrumb\":{\"@id\":\"https:\\\/\\\/www.arpapoda.com\\\/en\\\/costa-del-sol\\\/#breadcrumb\"},\"inLanguage\":\"en-GB\",\"potentialAction\":[{\"@type\":\"ReadAction\",\"target\":[\"https:\\\/\\\/www.arpapoda.com\\\/en\\\/costa-del-sol\\\/\"]}]},{\"@type\":\"ImageObject\",\"inLanguage\":\"en-GB\",\"@id\":\"https:\\\/\\\/www.arpapoda.com\\\/en\\\/costa-del-sol\\\/#primaryimage\",\"url\":\"https:\\\/\\\/www.arpapoda.com\\\/wp-content\\\/uploads\\\/2025\\\/04\\\/4Frame-258.jpg\",\"contentUrl\":\"https:\\\/\\\/www.arpapoda.com\\\/wp-content\\\/uploads\\\/2025\\\/04\\\/4Frame-258.jpg\"},{\"@type\":\"BreadcrumbList\",\"@id\":\"https:\\\/\\\/www.arpapoda.com\\\/en\\\/costa-del-sol\\\/#breadcrumb\",\"itemListElement\":[{\"@type\":\"ListItem\",\"position\":1,\"name\":\"Portada\",\"item\":\"https:\\\/\\\/www.arpapoda.com\\\/\"},{\"@type\":\"ListItem\",\"position\":2,\"name\":\"Costa del sol\"}]},{\"@type\":\"WebSite\",\"@id\":\"https:\\\/\\\/www.arpapoda.com\\\/es\\\/#website\",\"url\":\"https:\\\/\\\/www.arpapoda.com\\\/es\\\/\",\"name\":\"Transforma tu jard\u00edn con ARPA\",\"description\":\"Tu jard\u00edn en buenas manos\",\"publisher\":{\"@id\":\"https:\\\/\\\/www.arpapoda.com\\\/es\\\/#organization\"},\"potentialAction\":[{\"@type\":\"SearchAction\",\"target\":{\"@type\":\"EntryPoint\",\"urlTemplate\":\"https:\\\/\\\/www.arpapoda.com\\\/es\\\/?s={search_term_string}\"},\"query-input\":{\"@type\":\"PropertyValueSpecification\",\"valueRequired\":true,\"valueName\":\"search_term_string\"}}],\"inLanguage\":\"en-GB\"},{\"@type\":\"Organization\",\"@id\":\"https:\\\/\\\/www.arpapoda.com\\\/es\\\/#organization\",\"name\":\"ARPA Poda Arboricultura y Paisajismo\",\"url\":\"https:\\\/\\\/www.arpapoda.com\\\/es\\\/\",\"logo\":{\"@type\":\"ImageObject\",\"inLanguage\":\"en-GB\",\"@id\":\"https:\\\/\\\/www.arpapoda.com\\\/es\\\/#\\\/schema\\\/logo\\\/image\\\/\",\"url\":\"https:\\\/\\\/www.arpapoda.com\\\/wp-content\\\/uploads\\\/2024\\\/07\\\/Group-5-6.png\",\"contentUrl\":\"https:\\\/\\\/www.arpapoda.com\\\/wp-content\\\/uploads\\\/2024\\\/07\\\/Group-5-6.png\",\"width\":232,\"height\":400,\"caption\":\"ARPA Poda Arboricultura y Paisajismo\"},\"image\":{\"@id\":\"https:\\\/\\\/www.arpapoda.com\\\/es\\\/#\\\/schema\\\/logo\\\/image\\\/\"},\"sameAs\":[\"https:\\\/\\\/www.instagram.com\\\/arboriculturaypaisajismo\\\/\"]}]}<\/script>\n<!-- \/ Yoast SEO plugin. -->","yoast_head_json":{"title":"Costa del sol - Transforma tu jard\u00edn con ARPA","robots":{"index":"index","follow":"follow","max-snippet":"max-snippet:-1","max-image-preview":"max-image-preview:large","max-video-preview":"max-video-preview:-1"},"canonical":"https:\/\/www.arpapoda.com\/en\/costa-del-sol\/","og_locale":"en_GB","og_type":"article","og_title":"Costa del sol - Transforma tu jard\u00edn con ARPA","og_description":"Costa del sol Cuido de \u00e1rboles, jardines y palmeras en la Costa del Sol. Paisajismo profesional con desplazamiento directo hasta tu vivienda o negocio. Jardines sostenibles frente al Mediterr\u00e1neo En toda la Costa del Sol cuido \u00e1rboles, jardines y palmeras con atenci\u00f3n experta y soluciones personalizadas. Me desplazo hasta tu domicilio para ofrecerte servicios integrales [&hellip;]","og_url":"https:\/\/www.arpapoda.com\/en\/costa-del-sol\/","og_site_name":"Transforma tu jard\u00edn con ARPA","article_modified_time":"2025-04-21T15:20:51+00:00","og_image":[{"url":"https:\/\/www.arpapoda.com\/wp-content\/uploads\/2025\/04\/4Frame-258.jpg","type":"","width":"","height":""}],"twitter_card":"summary_large_image","twitter_misc":{"Estimated reading time":"1 minute"},"schema":{"@context":"https:\/\/schema.org","@graph":[{"@type":"WebPage","@id":"https:\/\/www.arpapoda.com\/en\/costa-del-sol\/","url":"https:\/\/www.arpapoda.com\/en\/costa-del-sol\/","name":"Costa del sol - Transforma tu jard\u00edn con ARPA","isPartOf":{"@id":"https:\/\/www.arpapoda.com\/es\/#website"},"primaryImageOfPage":{"@id":"https:\/\/www.arpapoda.com\/en\/costa-del-sol\/#primaryimage"},"image":{"@id":"https:\/\/www.arpapoda.com\/en\/costa-del-sol\/#primaryimage"},"thumbnailUrl":"https:\/\/www.arpapoda.com\/wp-content\/uploads\/2025\/04\/4Frame-258.jpg","datePublished":"2025-04-21T15:13:48+00:00","dateModified":"2025-04-21T15:20:51+00:00","breadcrumb":{"@id":"https:\/\/www.arpapoda.com\/en\/costa-del-sol\/#breadcrumb"},"inLanguage":"en-GB","potentialAction":[{"@type":"ReadAction","target":["https:\/\/www.arpapoda.com\/en\/costa-del-sol\/"]}]},{"@type":"ImageObject","inLanguage":"en-GB","@id":"https:\/\/www.arpapoda.com\/en\/costa-del-sol\/#primaryimage","url":"https:\/\/www.arpapoda.com\/wp-content\/uploads\/2025\/04\/4Frame-258.jpg","contentUrl":"https:\/\/www.arpapoda.com\/wp-content\/uploads\/2025\/04\/4Frame-258.jpg"},{"@type":"BreadcrumbList","@id":"https:\/\/www.arpapoda.com\/en\/costa-del-sol\/#breadcrumb","itemListElement":[{"@type":"ListItem","position":1,"name":"Portada","item":"https:\/\/www.arpapoda.com\/"},{"@type":"ListItem","position":2,"name":"Costa del sol"}]},{"@type":"WebSite","@id":"https:\/\/www.arpapoda.com\/es\/#website","url":"https:\/\/www.arpapoda.com\/es\/","name":"Transforma tu jard\u00edn con ARPA","description":"Tu jard\u00edn en buenas manos","publisher":{"@id":"https:\/\/www.arpapoda.com\/es\/#organization"},"potentialAction":[{"@type":"SearchAction","target":{"@type":"EntryPoint","urlTemplate":"https:\/\/www.arpapoda.com\/es\/?s={search_term_string}"},"query-input":{"@type":"PropertyValueSpecification","valueRequired":true,"valueName":"search_term_string"}}],"inLanguage":"en-GB"},{"@type":"Organization","@id":"https:\/\/www.arpapoda.com\/es\/#organization","name":"ARPA Poda Arboricultura y Paisajismo","url":"https:\/\/www.arpapoda.com\/es\/","logo":{"@type":"ImageObject","inLanguage":"en-GB","@id":"https:\/\/www.arpapoda.com\/es\/#\/schema\/logo\/image\/","url":"https:\/\/www.arpapoda.com\/wp-content\/uploads\/2024\/07\/Group-5-6.png","contentUrl":"https:\/\/www.arpapoda.com\/wp-content\/uploads\/2024\/07\/Group-5-6.png","width":232,"height":400,"caption":"ARPA Poda Arboricultura y Paisajismo"},"image":{"@id":"https:\/\/www.arpapoda.com\/es\/#\/schema\/logo\/image\/"},"sameAs":["https:\/\/www.instagram.com\/arboriculturaypaisajismo\/"]}]}},"_links":{"self":[{"href":"https:\/\/www.arpapoda.com\/en\/wp-json\/wp\/v2\/pages\/1773","targetHints":{"allow":["GET"]}}],"collection":[{"href":"https:\/\/www.arpapoda.com\/en\/wp-json\/wp\/v2\/pages"}],"about":[{"href":"https:\/\/www.arpapoda.com\/en\/wp-json\/wp\/v2\/types\/page"}],"author":[{"embeddable":true,"href":"https:\/\/www.arpapoda.com\/en\/wp-json\/wp\/v2\/users\/1"}],"replies":[{"embeddable":true,"href":"https:\/\/www.arpapoda.com\/en\/wp-json\/wp\/v2\/comments?post=1773"}],"version-history":[{"count":10,"href":"https:\/\/www.arpapoda.com\/en\/wp-json\/wp\/v2\/pages\/1773\/revisions"}],"predecessor-version":[{"id":1803,"href":"https:\/\/www.arpapoda.com\/en\/wp-json\/wp\/v2\/pages\/1773\/revisions\/1803"}],"wp:attachment":[{"href":"https:\/\/www.arpapoda.com\/en\/wp-json\/wp\/v2\/media?parent=1773"}],"curies":[{"name":"wp","href":"https:\/\/api.w.org\/{rel}","templated":true}]}}