{"id":13,"date":"2024-07-17T16:42:23","date_gmt":"2024-07-17T14:42:23","guid":{"rendered":"https:\/\/arpapoda.orbidi.es\/?page_id=13"},"modified":"2025-03-07T14:54:03","modified_gmt":"2025-03-07T13:54:03","slug":"servicios","status":"publish","type":"page","link":"https:\/\/www.arpapoda.com\/es\/servicios\/","title":{"rendered":"Servicios"},"content":{"rendered":"\t\t<div data-elementor-type=\"wp-page\" data-elementor-id=\"13\" class=\"elementor elementor-13\" data-elementor-post-type=\"page\">\n\t\t\t\t<div class=\"elementor-element elementor-element-8ac9679 e-con-full e-flex e-con e-parent\" data-id=\"8ac9679\" data-element_type=\"container\" data-e-type=\"container\" data-settings=\"{&quot;background_background&quot;:&quot;classic&quot;,&quot;shape_divider_bottom&quot;:&quot;mountains&quot;}\">\n\t\t\t\t<div class=\"elementor-shape elementor-shape-bottom\" aria-hidden=\"true\" data-negative=\"false\">\n\t\t\t<svg xmlns=\"http:\/\/www.w3.org\/2000\/svg\" viewBox=\"0 0 1000 100\" preserveAspectRatio=\"none\">\n\t<path class=\"elementor-shape-fill\" opacity=\"0.33\" d=\"M473,67.3c-203.9,88.3-263.1-34-320.3,0C66,119.1,0,59.7,0,59.7V0h1000v59.7 c0,0-62.1,26.1-94.9,29.3c-32.8,3.3-62.8-12.3-75.8-22.1C806,49.6,745.3,8.7,694.9,4.7S492.4,59,473,67.3z\"\/>\n\t<path class=\"elementor-shape-fill\" opacity=\"0.66\" d=\"M734,67.3c-45.5,0-77.2-23.2-129.1-39.1c-28.6-8.7-150.3-10.1-254,39.1 s-91.7-34.4-149.2,0C115.7,118.3,0,39.8,0,39.8V0h1000v36.5c0,0-28.2-18.5-92.1-18.5C810.2,18.1,775.7,67.3,734,67.3z\"\/>\n\t<path class=\"elementor-shape-fill\" d=\"M766.1,28.9c-200-57.5-266,65.5-395.1,19.5C242,1.8,242,5.4,184.8,20.6C128,35.8,132.3,44.9,89.9,52.5C28.6,63.7,0,0,0,0 h1000c0,0-9.9,40.9-83.6,48.1S829.6,47,766.1,28.9z\"\/>\n<\/svg>\t\t<\/div>\n\t\t\t\t<div class=\"elementor-element elementor-element-ff9f2f4 elementor-widget elementor-widget-heading\" data-id=\"ff9f2f4\" data-element_type=\"widget\" data-e-type=\"widget\" data-widget_type=\"heading.default\">\n\t\t\t\t<div class=\"elementor-widget-container\">\n\t\t\t\t\t<h1 class=\"elementor-heading-title elementor-size-default\">Servicios para el Cuidado del \u00c1rbol<\/h1>\t\t\t\t<\/div>\n\t\t\t\t<\/div>\n\t\t\t\t<\/div>\n\t\t<div class=\"elementor-element elementor-element-bbc92fb e-flex e-con-boxed e-con e-parent\" data-id=\"bbc92fb\" data-element_type=\"container\" data-e-type=\"container\">\n\t\t\t\t\t<div class=\"e-con-inner\">\n\t\t<div class=\"elementor-element elementor-element-64feec4 e-con-full e-flex e-con e-child\" data-id=\"64feec4\" data-element_type=\"container\" data-e-type=\"container\">\n\t\t\t\t<div class=\"elementor-element elementor-element-3f1f6bc elementor-widget elementor-widget-heading\" data-id=\"3f1f6bc\" data-element_type=\"widget\" data-e-type=\"widget\" data-widget_type=\"heading.default\">\n\t\t\t\t<div class=\"elementor-widget-container\">\n\t\t\t\t\t<h2 class=\"elementor-heading-title elementor-size-default\">Mis servicios<\/h2>\t\t\t\t<\/div>\n\t\t\t\t<\/div>\n\t\t\t\t<div class=\"elementor-element elementor-element-dc695d0 elementor-widget-divider--view-line elementor-widget elementor-widget-divider\" data-id=\"dc695d0\" data-element_type=\"widget\" data-e-type=\"widget\" data-widget_type=\"divider.default\">\n\t\t\t\t<div class=\"elementor-widget-container\">\n\t\t\t\t\t\t\t<div class=\"elementor-divider\">\n\t\t\t<span class=\"elementor-divider-separator\">\n\t\t\t\t\t\t<\/span>\n\t\t<\/div>\n\t\t\t\t\t\t<\/div>\n\t\t\t\t<\/div>\n\t\t\t\t<\/div>\n\t\t<div class=\"elementor-element elementor-element-9fb74cf e-con-full e-flex e-con e-child\" data-id=\"9fb74cf\" data-element_type=\"container\" data-e-type=\"container\">\n\t\t<a class=\"elementor-element elementor-element-389c6af e-con-full e-flex e-con e-child\" data-id=\"389c6af\" data-element_type=\"container\" data-e-type=\"container\" href=\"https:\/\/www.arpapoda.com\/es\/poda-en-altura\/\">\n\t\t<div class=\"elementor-element elementor-element-3a63ec4 e-con-full e-flex e-con e-child\" data-id=\"3a63ec4\" data-element_type=\"container\" data-e-type=\"container\" data-settings=\"{&quot;background_background&quot;:&quot;classic&quot;}\">\n\t\t\t\t<div class=\"elementor-element elementor-element-aba02ef elementor-widget elementor-widget-heading\" data-id=\"aba02ef\" data-element_type=\"widget\" data-e-type=\"widget\" data-widget_type=\"heading.default\">\n\t\t\t\t<div class=\"elementor-widget-container\">\n\t\t\t\t\t<h3 class=\"elementor-heading-title elementor-size-default\">Poda en altura<\/h3>\t\t\t\t<\/div>\n\t\t\t\t<\/div>\n\t\t\t\t<\/div>\n\t\t<div class=\"elementor-element elementor-element-85c3c05 e-con-full e-flex e-con e-child\" data-id=\"85c3c05\" data-element_type=\"container\" data-e-type=\"container\">\n\t\t\t\t<div class=\"elementor-element elementor-element-35c95f1 elementor-widget elementor-widget-text-editor\" data-id=\"35c95f1\" data-element_type=\"widget\" data-e-type=\"widget\" data-widget_type=\"text-editor.default\">\n\t\t\t\t<div class=\"elementor-widget-container\">\n\t\t\t\t\t\t\t\t\t<p>Realizamos poda en altura de \u00e1rboles y palmeras<\/p>\t\t\t\t\t\t\t\t<\/div>\n\t\t\t\t<\/div>\n\t\t\t\t<div class=\"elementor-element elementor-element-32840f7 elementor-widget elementor-widget-text-editor\" data-id=\"32840f7\" data-element_type=\"widget\" data-e-type=\"widget\" data-widget_type=\"text-editor.default\">\n\t\t\t\t<div class=\"elementor-widget-container\">\n\t\t\t\t\t\t\t\t\t<ul><li>Poda de palmeras<\/li><li>Eliminaci\u00f3n de ramas peligrosas.<\/li><li>Despeje de l\u00edneas el\u00e9ctricas.<\/li><li>Tala y apeo controlado de \u00e1rboles y palmeras<\/li><li>Reducci\u00f3n de riesgo.<\/li><li>Servicio de emergencia.<\/li><\/ul>\t\t\t\t\t\t\t\t<\/div>\n\t\t\t\t<\/div>\n\t\t\t\t<\/div>\n\t\t\t\t<\/a>\n\t\t<a class=\"elementor-element elementor-element-8427b65 e-con-full e-flex e-con e-child\" data-id=\"8427b65\" data-element_type=\"container\" data-e-type=\"container\" href=\"https:\/\/www.arpapoda.com\/es\/paisajismo\/\">\n\t\t<div class=\"elementor-element elementor-element-c016a26 e-con-full e-flex e-con e-child\" data-id=\"c016a26\" data-element_type=\"container\" data-e-type=\"container\" data-settings=\"{&quot;background_background&quot;:&quot;classic&quot;}\">\n\t\t\t\t<div class=\"elementor-element elementor-element-bba7f1f elementor-widget elementor-widget-heading\" data-id=\"bba7f1f\" data-element_type=\"widget\" data-e-type=\"widget\" data-widget_type=\"heading.default\">\n\t\t\t\t<div class=\"elementor-widget-container\">\n\t\t\t\t\t<h3 class=\"elementor-heading-title elementor-size-default\">Paisajismo<\/h3>\t\t\t\t<\/div>\n\t\t\t\t<\/div>\n\t\t\t\t<\/div>\n\t\t<div class=\"elementor-element elementor-element-e256173 e-con-full e-flex e-con e-child\" data-id=\"e256173\" data-element_type=\"container\" data-e-type=\"container\">\n\t\t\t\t<div class=\"elementor-element elementor-element-e0c1757 elementor-widget elementor-widget-text-editor\" data-id=\"e0c1757\" data-element_type=\"widget\" data-e-type=\"widget\" data-widget_type=\"text-editor.default\">\n\t\t\t\t<div class=\"elementor-widget-container\">\n\t\t\t\t\t\t\t\t\t<p>Dise\u00f1amos y transformamos tus espacios verdes para que sean \u00fanicos ,est\u00e9ticos y funcionales.<\/p>\t\t\t\t\t\t\t\t<\/div>\n\t\t\t\t<\/div>\n\t\t\t\t<div class=\"elementor-element elementor-element-99e8724 elementor-widget elementor-widget-text-editor\" data-id=\"99e8724\" data-element_type=\"widget\" data-e-type=\"widget\" data-widget_type=\"text-editor.default\">\n\t\t\t\t<div class=\"elementor-widget-container\">\n\t\t\t\t\t\t\t\t\t<ul><li>Paisajismo natural<\/li><li>Dise\u00f1o crom\u00e1tico.<\/li><li>Instalaci\u00f3n de sistemas de riego.<\/li><li>Ejecuci\u00f3n de dise\u00f1o con plantaci\u00f3n<\/li><li>Elecci\u00f3n de especies. y dimensionamiento.<\/li><\/ul>\t\t\t\t\t\t\t\t<\/div>\n\t\t\t\t<\/div>\n\t\t\t\t<\/div>\n\t\t\t\t<\/a>\n\t\t<a class=\"elementor-element elementor-element-095a868 e-con-full e-flex e-con e-child\" data-id=\"095a868\" data-element_type=\"container\" data-e-type=\"container\" href=\"https:\/\/www.arpapoda.com\/es\/arboricultura\/\">\n\t\t<div class=\"elementor-element elementor-element-4372690 e-con-full e-flex e-con e-child\" data-id=\"4372690\" data-element_type=\"container\" data-e-type=\"container\" data-settings=\"{&quot;background_background&quot;:&quot;classic&quot;}\">\n\t\t\t\t<div class=\"elementor-element elementor-element-6911a64 elementor-widget elementor-widget-heading\" data-id=\"6911a64\" data-element_type=\"widget\" data-e-type=\"widget\" data-widget_type=\"heading.default\">\n\t\t\t\t<div class=\"elementor-widget-container\">\n\t\t\t\t\t<h3 class=\"elementor-heading-title elementor-size-default\">Arboricultura\u200b<\/h3>\t\t\t\t<\/div>\n\t\t\t\t<\/div>\n\t\t\t\t<\/div>\n\t\t<div class=\"elementor-element elementor-element-52be00f e-con-full e-flex e-con e-child\" data-id=\"52be00f\" data-element_type=\"container\" data-e-type=\"container\">\n\t\t\t\t<div class=\"elementor-element elementor-element-3421901 elementor-widget elementor-widget-text-editor\" data-id=\"3421901\" data-element_type=\"widget\" data-e-type=\"widget\" data-widget_type=\"text-editor.default\">\n\t\t\t\t<div class=\"elementor-widget-container\">\n\t\t\t\t\t\t\t\t\t<p>Gestionamos y cuidamos tus \u00e1rboles para que crezcan fuertes y saludables.<\/p>\t\t\t\t\t\t\t\t<\/div>\n\t\t\t\t<\/div>\n\t\t\t\t<div class=\"elementor-element elementor-element-6b162fd elementor-widget elementor-widget-text-editor\" data-id=\"6b162fd\" data-element_type=\"widget\" data-e-type=\"widget\" data-widget_type=\"text-editor.default\">\n\t\t\t\t<div class=\"elementor-widget-container\">\n\t\t\t\t\t\t\t\t\t<ul><li>Evaluaci\u00f3n de la salud del \u00e1rbol.<\/li><li>Tratamientos fitosanitarios.<\/li><li>Sustentaci\u00f3n artificial de ramas y cimales.<\/li><li>Evaluaci\u00f3n interna del estado biomec\u00e1nico del \u00e1rbol<\/li><\/ul>\t\t\t\t\t\t\t\t<\/div>\n\t\t\t\t<\/div>\n\t\t\t\t<\/div>\n\t\t\t\t<\/a>\n\t\t<a class=\"elementor-element elementor-element-7204950 e-con-full e-flex e-con e-child\" data-id=\"7204950\" data-element_type=\"container\" data-e-type=\"container\" href=\"https:\/\/www.arpapoda.com\/es\/trasplantes\/\">\n\t\t<div class=\"elementor-element elementor-element-e4011ca e-con-full e-flex e-con e-child\" data-id=\"e4011ca\" data-element_type=\"container\" data-e-type=\"container\" data-settings=\"{&quot;background_background&quot;:&quot;classic&quot;}\">\n\t\t\t\t<div class=\"elementor-element elementor-element-a38c686 elementor-widget elementor-widget-heading\" data-id=\"a38c686\" data-element_type=\"widget\" data-e-type=\"widget\" data-widget_type=\"heading.default\">\n\t\t\t\t<div class=\"elementor-widget-container\">\n\t\t\t\t\t<h3 class=\"elementor-heading-title elementor-size-default\">Trasplantes\u200b<\/h3>\t\t\t\t<\/div>\n\t\t\t\t<\/div>\n\t\t\t\t<\/div>\n\t\t<div class=\"elementor-element elementor-element-fe0e217 e-con-full e-flex e-con e-child\" data-id=\"fe0e217\" data-element_type=\"container\" data-e-type=\"container\">\n\t\t\t\t<div class=\"elementor-element elementor-element-383b06c elementor-widget elementor-widget-text-editor\" data-id=\"383b06c\" data-element_type=\"widget\" data-e-type=\"widget\" data-widget_type=\"text-editor.default\">\n\t\t\t\t<div class=\"elementor-widget-container\">\n\t\t\t\t\t\t\t\t\t<p>Realizo trasplantes seguros para reubicar tus \u00e1rboles sin da\u00f1arlos.<\/p>\t\t\t\t\t\t\t\t<\/div>\n\t\t\t\t<\/div>\n\t\t\t\t<div class=\"elementor-element elementor-element-4d13899 elementor-widget elementor-widget-text-editor\" data-id=\"4d13899\" data-element_type=\"widget\" data-e-type=\"widget\" data-widget_type=\"text-editor.default\">\n\t\t\t\t<div class=\"elementor-widget-container\">\n\t\t\t\t\t\t\t\t\t<ul><li>Evaluaci\u00f3n del suelo.<\/li><li>Preparaci\u00f3n del \u00e1rbol.<\/li><li>Seguimiento post-trasplante.<\/li><\/ul>\t\t\t\t\t\t\t\t<\/div>\n\t\t\t\t<\/div>\n\t\t\t\t<\/div>\n\t\t\t\t<\/a>\n\t\t<a class=\"elementor-element elementor-element-ebb7721 e-con-full e-flex e-con e-child\" data-id=\"ebb7721\" data-element_type=\"container\" data-e-type=\"container\" href=\"https:\/\/www.arpapoda.com\/es\/asesoria-tecnica\/\">\n\t\t<div class=\"elementor-element elementor-element-16a1ea4 e-con-full e-flex e-con e-child\" data-id=\"16a1ea4\" data-element_type=\"container\" data-e-type=\"container\" data-settings=\"{&quot;background_background&quot;:&quot;classic&quot;}\">\n\t\t\t\t<div class=\"elementor-element elementor-element-ec76ea2 elementor-widget elementor-widget-heading\" data-id=\"ec76ea2\" data-element_type=\"widget\" data-e-type=\"widget\" data-widget_type=\"heading.default\">\n\t\t\t\t<div class=\"elementor-widget-container\">\n\t\t\t\t\t<h3 class=\"elementor-heading-title elementor-size-default\">Asesor\u00eda<\/h3>\t\t\t\t<\/div>\n\t\t\t\t<\/div>\n\t\t\t\t<\/div>\n\t\t<div class=\"elementor-element elementor-element-758fbb1 e-con-full e-flex e-con e-child\" data-id=\"758fbb1\" data-element_type=\"container\" data-e-type=\"container\">\n\t\t\t\t<div class=\"elementor-element elementor-element-1a8e970 elementor-widget elementor-widget-text-editor\" data-id=\"1a8e970\" data-element_type=\"widget\" data-e-type=\"widget\" data-widget_type=\"text-editor.default\">\n\t\t\t\t<div class=\"elementor-widget-container\">\n\t\t\t\t\t\t\t\t\t<p>Te ofrecemos asesor\u00eda personalizada para mejorar y mantener tus espacios verdes.<\/p>\t\t\t\t\t\t\t\t<\/div>\n\t\t\t\t<\/div>\n\t\t\t\t<div class=\"elementor-element elementor-element-5722e2d elementor-widget elementor-widget-text-editor\" data-id=\"5722e2d\" data-element_type=\"widget\" data-e-type=\"widget\" data-widget_type=\"text-editor.default\">\n\t\t\t\t<div class=\"elementor-widget-container\">\n\t\t\t\t\t\t\t\t\t<ul><li>Diagn\u00f3stico de problemas.<\/li><li>Planificaci\u00f3n de proyectos.<\/li><li>Recomendaciones de especies y mantenimiento<\/li><\/ul>\t\t\t\t\t\t\t\t<\/div>\n\t\t\t\t<\/div>\n\t\t\t\t<\/div>\n\t\t\t\t<\/a>\n\t\t\t\t<\/div>\n\t\t\t\t\t<\/div>\n\t\t\t\t<\/div>\n\t\t\t\t<\/div>\n\t\t","protected":false},"excerpt":{"rendered":"<p>Servicios para el Cuidado del \u00c1rbol Mis servicios Poda en altura Realizamos poda en altura de \u00e1rboles y palmeras Poda de palmeras Eliminaci\u00f3n de ramas peligrosas. Despeje de l\u00edneas el\u00e9ctricas. Tala y apeo controlado de \u00e1rboles y palmeras Reducci\u00f3n de riesgo. Servicio de emergencia. Paisajismo Dise\u00f1amos y transformamos tus espacios verdes para que sean \u00fanicos [&hellip;]<\/p>\n","protected":false},"author":1,"featured_media":16,"parent":0,"menu_order":0,"comment_status":"closed","ping_status":"closed","template":"","meta":{"footnotes":""},"class_list":["post-13","page","type-page","status-publish","has-post-thumbnail","hentry"],"yoast_head":"<!-- This site is optimized with the Yoast SEO plugin v27.4 - https:\/\/yoast.com\/product\/yoast-seo-wordpress\/ -->\n<title>Servicios - Transforma tu jard\u00edn con ARPA<\/title>\n<meta name=\"robots\" content=\"index, follow, max-snippet:-1, max-image-preview:large, max-video-preview:-1\" \/>\n<link rel=\"canonical\" href=\"https:\/\/www.arpapoda.com\/es\/servicios\/\" \/>\n<meta property=\"og:locale\" content=\"es_ES\" \/>\n<meta property=\"og:type\" content=\"article\" \/>\n<meta property=\"og:title\" content=\"Servicios - Transforma tu jard\u00edn con ARPA\" \/>\n<meta property=\"og:description\" content=\"Servicios para el Cuidado del \u00c1rbol Mis servicios Poda en altura Realizamos poda en altura de \u00e1rboles y palmeras Poda de palmeras Eliminaci\u00f3n de ramas peligrosas. Despeje de l\u00edneas el\u00e9ctricas. Tala y apeo controlado de \u00e1rboles y palmeras Reducci\u00f3n de riesgo. Servicio de emergencia. Paisajismo Dise\u00f1amos y transformamos tus espacios verdes para que sean \u00fanicos [&hellip;]\" \/>\n<meta property=\"og:url\" content=\"https:\/\/www.arpapoda.com\/es\/servicios\/\" \/>\n<meta property=\"og:site_name\" content=\"Transforma tu jard\u00edn con ARPA\" \/>\n<meta property=\"article:modified_time\" content=\"2025-03-07T13:54:03+00:00\" \/>\n<meta property=\"og:image\" content=\"https:\/\/www.arpapoda.com\/wp-content\/uploads\/2024\/07\/Imagen-2024-07-17T094137.035.jpg\" \/>\n\t<meta property=\"og:image:width\" content=\"1200\" \/>\n\t<meta property=\"og:image:height\" content=\"650\" \/>\n\t<meta property=\"og:image:type\" content=\"image\/jpeg\" \/>\n<meta name=\"twitter:card\" content=\"summary_large_image\" \/>\n<meta name=\"twitter:label1\" content=\"Tiempo de lectura\" \/>\n\t<meta name=\"twitter:data1\" content=\"1 minuto\" \/>\n<script type=\"application\/ld+json\" class=\"yoast-schema-graph\">{\"@context\":\"https:\\\/\\\/schema.org\",\"@graph\":[{\"@type\":\"WebPage\",\"@id\":\"https:\\\/\\\/www.arpapoda.com\\\/en\\\/servicios\\\/\",\"url\":\"https:\\\/\\\/www.arpapoda.com\\\/en\\\/servicios\\\/\",\"name\":\"Servicios - Transforma tu jard\u00edn con ARPA\",\"isPartOf\":{\"@id\":\"https:\\\/\\\/www.arpapoda.com\\\/es\\\/#website\"},\"primaryImageOfPage\":{\"@id\":\"https:\\\/\\\/www.arpapoda.com\\\/en\\\/servicios\\\/#primaryimage\"},\"image\":{\"@id\":\"https:\\\/\\\/www.arpapoda.com\\\/en\\\/servicios\\\/#primaryimage\"},\"thumbnailUrl\":\"https:\\\/\\\/www.arpapoda.com\\\/wp-content\\\/uploads\\\/2024\\\/07\\\/Imagen-2024-07-17T094137.035.jpg\",\"datePublished\":\"2024-07-17T14:42:23+00:00\",\"dateModified\":\"2025-03-07T13:54:03+00:00\",\"breadcrumb\":{\"@id\":\"https:\\\/\\\/www.arpapoda.com\\\/en\\\/servicios\\\/#breadcrumb\"},\"inLanguage\":\"es\",\"potentialAction\":[{\"@type\":\"ReadAction\",\"target\":[\"https:\\\/\\\/www.arpapoda.com\\\/en\\\/servicios\\\/\"]}]},{\"@type\":\"ImageObject\",\"inLanguage\":\"es\",\"@id\":\"https:\\\/\\\/www.arpapoda.com\\\/en\\\/servicios\\\/#primaryimage\",\"url\":\"https:\\\/\\\/www.arpapoda.com\\\/wp-content\\\/uploads\\\/2024\\\/07\\\/Imagen-2024-07-17T094137.035.jpg\",\"contentUrl\":\"https:\\\/\\\/www.arpapoda.com\\\/wp-content\\\/uploads\\\/2024\\\/07\\\/Imagen-2024-07-17T094137.035.jpg\",\"width\":1200,\"height\":650},{\"@type\":\"BreadcrumbList\",\"@id\":\"https:\\\/\\\/www.arpapoda.com\\\/en\\\/servicios\\\/#breadcrumb\",\"itemListElement\":[{\"@type\":\"ListItem\",\"position\":1,\"name\":\"Portada\",\"item\":\"https:\\\/\\\/www.arpapoda.com\\\/\"},{\"@type\":\"ListItem\",\"position\":2,\"name\":\"Servicios\"}]},{\"@type\":\"WebSite\",\"@id\":\"https:\\\/\\\/www.arpapoda.com\\\/es\\\/#website\",\"url\":\"https:\\\/\\\/www.arpapoda.com\\\/es\\\/\",\"name\":\"Transforma tu jard\u00edn con ARPA\",\"description\":\"Tu jard\u00edn en buenas manos\",\"publisher\":{\"@id\":\"https:\\\/\\\/www.arpapoda.com\\\/es\\\/#organization\"},\"potentialAction\":[{\"@type\":\"SearchAction\",\"target\":{\"@type\":\"EntryPoint\",\"urlTemplate\":\"https:\\\/\\\/www.arpapoda.com\\\/es\\\/?s={search_term_string}\"},\"query-input\":{\"@type\":\"PropertyValueSpecification\",\"valueRequired\":true,\"valueName\":\"search_term_string\"}}],\"inLanguage\":\"es\"},{\"@type\":\"Organization\",\"@id\":\"https:\\\/\\\/www.arpapoda.com\\\/es\\\/#organization\",\"name\":\"ARPA Poda Arboricultura y Paisajismo\",\"url\":\"https:\\\/\\\/www.arpapoda.com\\\/es\\\/\",\"logo\":{\"@type\":\"ImageObject\",\"inLanguage\":\"es\",\"@id\":\"https:\\\/\\\/www.arpapoda.com\\\/es\\\/#\\\/schema\\\/logo\\\/image\\\/\",\"url\":\"https:\\\/\\\/www.arpapoda.com\\\/wp-content\\\/uploads\\\/2024\\\/07\\\/Group-5-6.png\",\"contentUrl\":\"https:\\\/\\\/www.arpapoda.com\\\/wp-content\\\/uploads\\\/2024\\\/07\\\/Group-5-6.png\",\"width\":232,\"height\":400,\"caption\":\"ARPA Poda Arboricultura y Paisajismo\"},\"image\":{\"@id\":\"https:\\\/\\\/www.arpapoda.com\\\/es\\\/#\\\/schema\\\/logo\\\/image\\\/\"},\"sameAs\":[\"https:\\\/\\\/www.instagram.com\\\/arboriculturaypaisajismo\\\/\"]}]}<\/script>\n<!-- \/ Yoast SEO plugin. -->","yoast_head_json":{"title":"Servicios - Transforma tu jard\u00edn con ARPA","robots":{"index":"index","follow":"follow","max-snippet":"max-snippet:-1","max-image-preview":"max-image-preview:large","max-video-preview":"max-video-preview:-1"},"canonical":"https:\/\/www.arpapoda.com\/es\/servicios\/","og_locale":"es_ES","og_type":"article","og_title":"Servicios - Transforma tu jard\u00edn con ARPA","og_description":"Servicios para el Cuidado del \u00c1rbol Mis servicios Poda en altura Realizamos poda en altura de \u00e1rboles y palmeras Poda de palmeras Eliminaci\u00f3n de ramas peligrosas. Despeje de l\u00edneas el\u00e9ctricas. Tala y apeo controlado de \u00e1rboles y palmeras Reducci\u00f3n de riesgo. Servicio de emergencia. Paisajismo Dise\u00f1amos y transformamos tus espacios verdes para que sean \u00fanicos [&hellip;]","og_url":"https:\/\/www.arpapoda.com\/es\/servicios\/","og_site_name":"Transforma tu jard\u00edn con ARPA","article_modified_time":"2025-03-07T13:54:03+00:00","og_image":[{"width":1200,"height":650,"url":"https:\/\/www.arpapoda.com\/wp-content\/uploads\/2024\/07\/Imagen-2024-07-17T094137.035.jpg","type":"image\/jpeg"}],"twitter_card":"summary_large_image","twitter_misc":{"Tiempo de lectura":"1 minuto"},"schema":{"@context":"https:\/\/schema.org","@graph":[{"@type":"WebPage","@id":"https:\/\/www.arpapoda.com\/en\/servicios\/","url":"https:\/\/www.arpapoda.com\/en\/servicios\/","name":"Servicios - Transforma tu jard\u00edn con ARPA","isPartOf":{"@id":"https:\/\/www.arpapoda.com\/es\/#website"},"primaryImageOfPage":{"@id":"https:\/\/www.arpapoda.com\/en\/servicios\/#primaryimage"},"image":{"@id":"https:\/\/www.arpapoda.com\/en\/servicios\/#primaryimage"},"thumbnailUrl":"https:\/\/www.arpapoda.com\/wp-content\/uploads\/2024\/07\/Imagen-2024-07-17T094137.035.jpg","datePublished":"2024-07-17T14:42:23+00:00","dateModified":"2025-03-07T13:54:03+00:00","breadcrumb":{"@id":"https:\/\/www.arpapoda.com\/en\/servicios\/#breadcrumb"},"inLanguage":"es","potentialAction":[{"@type":"ReadAction","target":["https:\/\/www.arpapoda.com\/en\/servicios\/"]}]},{"@type":"ImageObject","inLanguage":"es","@id":"https:\/\/www.arpapoda.com\/en\/servicios\/#primaryimage","url":"https:\/\/www.arpapoda.com\/wp-content\/uploads\/2024\/07\/Imagen-2024-07-17T094137.035.jpg","contentUrl":"https:\/\/www.arpapoda.com\/wp-content\/uploads\/2024\/07\/Imagen-2024-07-17T094137.035.jpg","width":1200,"height":650},{"@type":"BreadcrumbList","@id":"https:\/\/www.arpapoda.com\/en\/servicios\/#breadcrumb","itemListElement":[{"@type":"ListItem","position":1,"name":"Portada","item":"https:\/\/www.arpapoda.com\/"},{"@type":"ListItem","position":2,"name":"Servicios"}]},{"@type":"WebSite","@id":"https:\/\/www.arpapoda.com\/es\/#website","url":"https:\/\/www.arpapoda.com\/es\/","name":"Transforma tu jard\u00edn con ARPA","description":"Tu jard\u00edn en buenas manos","publisher":{"@id":"https:\/\/www.arpapoda.com\/es\/#organization"},"potentialAction":[{"@type":"SearchAction","target":{"@type":"EntryPoint","urlTemplate":"https:\/\/www.arpapoda.com\/es\/?s={search_term_string}"},"query-input":{"@type":"PropertyValueSpecification","valueRequired":true,"valueName":"search_term_string"}}],"inLanguage":"es"},{"@type":"Organization","@id":"https:\/\/www.arpapoda.com\/es\/#organization","name":"ARPA Poda Arboricultura y Paisajismo","url":"https:\/\/www.arpapoda.com\/es\/","logo":{"@type":"ImageObject","inLanguage":"es","@id":"https:\/\/www.arpapoda.com\/es\/#\/schema\/logo\/image\/","url":"https:\/\/www.arpapoda.com\/wp-content\/uploads\/2024\/07\/Group-5-6.png","contentUrl":"https:\/\/www.arpapoda.com\/wp-content\/uploads\/2024\/07\/Group-5-6.png","width":232,"height":400,"caption":"ARPA Poda Arboricultura y Paisajismo"},"image":{"@id":"https:\/\/www.arpapoda.com\/es\/#\/schema\/logo\/image\/"},"sameAs":["https:\/\/www.instagram.com\/arboriculturaypaisajismo\/"]}]}},"_links":{"self":[{"href":"https:\/\/www.arpapoda.com\/es\/wp-json\/wp\/v2\/pages\/13","targetHints":{"allow":["GET"]}}],"collection":[{"href":"https:\/\/www.arpapoda.com\/es\/wp-json\/wp\/v2\/pages"}],"about":[{"href":"https:\/\/www.arpapoda.com\/es\/wp-json\/wp\/v2\/types\/page"}],"author":[{"embeddable":true,"href":"https:\/\/www.arpapoda.com\/es\/wp-json\/wp\/v2\/users\/1"}],"replies":[{"embeddable":true,"href":"https:\/\/www.arpapoda.com\/es\/wp-json\/wp\/v2\/comments?post=13"}],"version-history":[{"count":73,"href":"https:\/\/www.arpapoda.com\/es\/wp-json\/wp\/v2\/pages\/13\/revisions"}],"predecessor-version":[{"id":1712,"href":"https:\/\/www.arpapoda.com\/es\/wp-json\/wp\/v2\/pages\/13\/revisions\/1712"}],"wp:featuredmedia":[{"embeddable":true,"href":"https:\/\/www.arpapoda.com\/es\/wp-json\/wp\/v2\/media\/16"}],"wp:attachment":[{"href":"https:\/\/www.arpapoda.com\/es\/wp-json\/wp\/v2\/media?parent=13"}],"curies":[{"name":"wp","href":"https:\/\/api.w.org\/{rel}","templated":true}]}}