{"id":173,"date":"2024-08-13T16:43:11","date_gmt":"2024-08-13T14:43:11","guid":{"rendered":"https:\/\/www.arpapoda.com\/?page_id=173"},"modified":"2025-02-02T13:33:39","modified_gmt":"2025-02-02T12:33:39","slug":"proyectos","status":"publish","type":"page","link":"https:\/\/www.arpapoda.com\/es\/proyectos\/","title":{"rendered":"Proyectos"},"content":{"rendered":"\t\t<div data-elementor-type=\"wp-page\" data-elementor-id=\"173\" class=\"elementor elementor-173\" data-elementor-post-type=\"page\">\n\t\t\t\t<div class=\"elementor-element elementor-element-d6d2c0f e-con-full e-flex e-con e-parent\" data-id=\"d6d2c0f\" data-element_type=\"container\" data-e-type=\"container\" data-settings=\"{&quot;background_background&quot;:&quot;classic&quot;,&quot;shape_divider_bottom&quot;:&quot;mountains&quot;}\">\n\t\t\t\t<div class=\"elementor-shape elementor-shape-bottom\" aria-hidden=\"true\" data-negative=\"false\">\n\t\t\t<svg xmlns=\"http:\/\/www.w3.org\/2000\/svg\" viewBox=\"0 0 1000 100\" preserveAspectRatio=\"none\">\n\t<path class=\"elementor-shape-fill\" opacity=\"0.33\" d=\"M473,67.3c-203.9,88.3-263.1-34-320.3,0C66,119.1,0,59.7,0,59.7V0h1000v59.7 c0,0-62.1,26.1-94.9,29.3c-32.8,3.3-62.8-12.3-75.8-22.1C806,49.6,745.3,8.7,694.9,4.7S492.4,59,473,67.3z\"\/>\n\t<path class=\"elementor-shape-fill\" opacity=\"0.66\" d=\"M734,67.3c-45.5,0-77.2-23.2-129.1-39.1c-28.6-8.7-150.3-10.1-254,39.1 s-91.7-34.4-149.2,0C115.7,118.3,0,39.8,0,39.8V0h1000v36.5c0,0-28.2-18.5-92.1-18.5C810.2,18.1,775.7,67.3,734,67.3z\"\/>\n\t<path class=\"elementor-shape-fill\" d=\"M766.1,28.9c-200-57.5-266,65.5-395.1,19.5C242,1.8,242,5.4,184.8,20.6C128,35.8,132.3,44.9,89.9,52.5C28.6,63.7,0,0,0,0 h1000c0,0-9.9,40.9-83.6,48.1S829.6,47,766.1,28.9z\"\/>\n<\/svg>\t\t<\/div>\n\t\t\t\t<div class=\"elementor-element elementor-element-cce2bfa elementor-widget__width-initial elementor-widget elementor-widget-heading\" data-id=\"cce2bfa\" data-element_type=\"widget\" data-e-type=\"widget\" data-widget_type=\"heading.default\">\n\t\t\t\t<div class=\"elementor-widget-container\">\n\t\t\t\t\t<h1 class=\"elementor-heading-title elementor-size-default\">Proyectos que transforman tu entorno<\/h1>\t\t\t\t<\/div>\n\t\t\t\t<\/div>\n\t\t\t\t<\/div>\n\t\t<div class=\"elementor-element elementor-element-46db8ef e-flex e-con-boxed e-con e-parent\" data-id=\"46db8ef\" data-element_type=\"container\" data-e-type=\"container\">\n\t\t\t\t\t<div class=\"e-con-inner\">\n\t\t\t\t<div class=\"elementor-element elementor-element-ca46119 elementor-widget__width-initial elementor-widget-tablet__width-inherit elementor-widget-mobile__width-inherit elementor-widget elementor-widget-text-editor\" data-id=\"ca46119\" data-element_type=\"widget\" data-e-type=\"widget\" data-widget_type=\"text-editor.default\">\n\t\t\t\t<div class=\"elementor-widget-container\">\n\t\t\t\t\t\t\t\t\t<p><strong>Descubre c\u00f3mo hemos transformado diversos espacios en oasis de belleza y funcionalidad. Explora mis proyectos recientes y encuentra inspiraci\u00f3n para tu pr\u00f3ximo jard\u00edn.<\/strong><\/p>\t\t\t\t\t\t\t\t<\/div>\n\t\t\t\t<\/div>\n\t\t\t\t\t<\/div>\n\t\t\t\t<\/div>\n\t\t<div class=\"elementor-element elementor-element-5b59154 e-flex e-con-boxed e-con e-parent\" data-id=\"5b59154\" data-element_type=\"container\" data-e-type=\"container\">\n\t\t\t\t\t<div class=\"e-con-inner\">\n\t\t<div class=\"elementor-element elementor-element-487052d e-con-full e-flex e-con e-child\" data-id=\"487052d\" data-element_type=\"container\" data-e-type=\"container\">\n\t\t\t\t<div class=\"elementor-element elementor-element-7f2e868 elementor-widget elementor-widget-gallery\" data-id=\"7f2e868\" data-element_type=\"widget\" data-e-type=\"widget\" data-settings=\"{&quot;gallery_layout&quot;:&quot;justified&quot;,&quot;ideal_row_height&quot;:{&quot;unit&quot;:&quot;px&quot;,&quot;size&quot;:500,&quot;sizes&quot;:[]},&quot;ideal_row_height_tablet&quot;:{&quot;unit&quot;:&quot;px&quot;,&quot;size&quot;:288,&quot;sizes&quot;:[]},&quot;ideal_row_height_mobile&quot;:{&quot;unit&quot;:&quot;px&quot;,&quot;size&quot;:136,&quot;sizes&quot;:[]},&quot;gap&quot;:{&quot;unit&quot;:&quot;px&quot;,&quot;size&quot;:20,&quot;sizes&quot;:[]},&quot;gap_tablet&quot;:{&quot;unit&quot;:&quot;px&quot;,&quot;size&quot;:20,&quot;sizes&quot;:[]},&quot;lazyload&quot;:&quot;yes&quot;,&quot;gap_mobile&quot;:{&quot;unit&quot;:&quot;px&quot;,&quot;size&quot;:10,&quot;sizes&quot;:[]},&quot;link_to&quot;:&quot;file&quot;,&quot;overlay_background&quot;:&quot;yes&quot;,&quot;content_hover_animation&quot;:&quot;fade-in&quot;}\" data-widget_type=\"gallery.default\">\n\t\t\t\t<div class=\"elementor-widget-container\">\n\t\t\t\t\t\t\t<div class=\"elementor-gallery__container\">\n\t\t\t\t\t\t\t<a class=\"e-gallery-item elementor-gallery-item elementor-animated-content\" href=\"https:\/\/www.arpapoda.com\/wp-content\/uploads\/2024\/09\/imagen-10.jpg\" data-elementor-open-lightbox=\"yes\" data-elementor-lightbox-slideshow=\"7f2e868\" data-elementor-lightbox-title=\"imagen\" data-e-action-hash=\"#elementor-action%3Aaction%3Dlightbox%26settings%3DeyJpZCI6OTI5LCJ1cmwiOiJodHRwczpcL1wvd3d3LmFycGFwb2RhLmNvbVwvd3AtY29udGVudFwvdXBsb2Fkc1wvMjAyNFwvMDlcL2ltYWdlbi0xMC5qcGciLCJzbGlkZXNob3ciOiI3ZjJlODY4In0%3D\">\n\t\t\t\t\t<div class=\"e-gallery-image elementor-gallery-item__image\" data-thumbnail=\"https:\/\/www.arpapoda.com\/wp-content\/uploads\/2024\/09\/imagen-10.jpg\" data-width=\"1120\" data-height=\"516\" aria-label=\"\" role=\"img\" ><\/div>\n\t\t\t\t\t\t\t\t\t\t\t<div class=\"elementor-gallery-item__overlay\"><\/div>\n\t\t\t\t\t\t\t\t\t\t\t\t\t\t<\/a>\n\t\t\t\t\t\t\t<a class=\"e-gallery-item elementor-gallery-item elementor-animated-content\" href=\"https:\/\/www.arpapoda.com\/wp-content\/uploads\/2024\/09\/imagen-4-1.jpg\" data-elementor-open-lightbox=\"yes\" data-elementor-lightbox-slideshow=\"7f2e868\" data-elementor-lightbox-title=\"imagen-4\" data-e-action-hash=\"#elementor-action%3Aaction%3Dlightbox%26settings%3DeyJpZCI6OTMzLCJ1cmwiOiJodHRwczpcL1wvd3d3LmFycGFwb2RhLmNvbVwvd3AtY29udGVudFwvdXBsb2Fkc1wvMjAyNFwvMDlcL2ltYWdlbi00LTEuanBnIiwic2xpZGVzaG93IjoiN2YyZTg2OCJ9\">\n\t\t\t\t\t<div class=\"e-gallery-image elementor-gallery-item__image\" data-thumbnail=\"https:\/\/www.arpapoda.com\/wp-content\/uploads\/2024\/09\/imagen-4-1.jpg\" data-width=\"548\" data-height=\"500\" aria-label=\"\" role=\"img\" ><\/div>\n\t\t\t\t\t\t\t\t\t\t\t<div class=\"elementor-gallery-item__overlay\"><\/div>\n\t\t\t\t\t\t\t\t\t\t\t\t\t\t<\/a>\n\t\t\t\t\t\t\t<a class=\"e-gallery-item elementor-gallery-item elementor-animated-content\" href=\"https:\/\/www.arpapoda.com\/wp-content\/uploads\/2024\/09\/imagen-5-1.jpg\" data-elementor-open-lightbox=\"yes\" data-elementor-lightbox-slideshow=\"7f2e868\" data-elementor-lightbox-title=\"imagen-5\" data-e-action-hash=\"#elementor-action%3Aaction%3Dlightbox%26settings%3DeyJpZCI6OTM0LCJ1cmwiOiJodHRwczpcL1wvd3d3LmFycGFwb2RhLmNvbVwvd3AtY29udGVudFwvdXBsb2Fkc1wvMjAyNFwvMDlcL2ltYWdlbi01LTEuanBnIiwic2xpZGVzaG93IjoiN2YyZTg2OCJ9\">\n\t\t\t\t\t<div class=\"e-gallery-image elementor-gallery-item__image\" data-thumbnail=\"https:\/\/www.arpapoda.com\/wp-content\/uploads\/2024\/09\/imagen-5-1.jpg\" data-width=\"548\" data-height=\"500\" aria-label=\"\" role=\"img\" ><\/div>\n\t\t\t\t\t\t\t\t\t\t\t<div class=\"elementor-gallery-item__overlay\"><\/div>\n\t\t\t\t\t\t\t\t\t\t\t\t\t\t<\/a>\n\t\t\t\t\t\t\t<a class=\"e-gallery-item elementor-gallery-item elementor-animated-content\" href=\"https:\/\/www.arpapoda.com\/wp-content\/uploads\/2024\/09\/imagen-3-2.jpg\" data-elementor-open-lightbox=\"yes\" data-elementor-lightbox-slideshow=\"7f2e868\" data-elementor-lightbox-title=\"imagen-3\" data-e-action-hash=\"#elementor-action%3Aaction%3Dlightbox%26settings%3DeyJpZCI6OTMyLCJ1cmwiOiJodHRwczpcL1wvd3d3LmFycGFwb2RhLmNvbVwvd3AtY29udGVudFwvdXBsb2Fkc1wvMjAyNFwvMDlcL2ltYWdlbi0zLTIuanBnIiwic2xpZGVzaG93IjoiN2YyZTg2OCJ9\">\n\t\t\t\t\t<div class=\"e-gallery-image elementor-gallery-item__image\" data-thumbnail=\"https:\/\/www.arpapoda.com\/wp-content\/uploads\/2024\/09\/imagen-3-2.jpg\" data-width=\"1120\" data-height=\"516\" aria-label=\"\" role=\"img\" ><\/div>\n\t\t\t\t\t\t\t\t\t\t\t<div class=\"elementor-gallery-item__overlay\"><\/div>\n\t\t\t\t\t\t\t\t\t\t\t\t\t\t<\/a>\n\t\t\t\t\t\t\t<a class=\"e-gallery-item elementor-gallery-item elementor-animated-content\" href=\"https:\/\/www.arpapoda.com\/wp-content\/uploads\/2024\/09\/imagen-2-6.jpg\" data-elementor-open-lightbox=\"yes\" data-elementor-lightbox-slideshow=\"7f2e868\" data-elementor-lightbox-title=\"imagen-2\" data-e-action-hash=\"#elementor-action%3Aaction%3Dlightbox%26settings%3DeyJpZCI6OTMxLCJ1cmwiOiJodHRwczpcL1wvd3d3LmFycGFwb2RhLmNvbVwvd3AtY29udGVudFwvdXBsb2Fkc1wvMjAyNFwvMDlcL2ltYWdlbi0yLTYuanBnIiwic2xpZGVzaG93IjoiN2YyZTg2OCJ9\">\n\t\t\t\t\t<div class=\"e-gallery-image elementor-gallery-item__image\" data-thumbnail=\"https:\/\/www.arpapoda.com\/wp-content\/uploads\/2024\/09\/imagen-2-6.jpg\" data-width=\"548\" data-height=\"500\" aria-label=\"\" role=\"img\" ><\/div>\n\t\t\t\t\t\t\t\t\t\t\t<div class=\"elementor-gallery-item__overlay\"><\/div>\n\t\t\t\t\t\t\t\t\t\t\t\t\t\t<\/a>\n\t\t\t\t\t\t\t<a class=\"e-gallery-item elementor-gallery-item elementor-animated-content\" href=\"https:\/\/www.arpapoda.com\/wp-content\/uploads\/2024\/09\/imagen-1-8.jpg\" data-elementor-open-lightbox=\"yes\" data-elementor-lightbox-slideshow=\"7f2e868\" data-elementor-lightbox-title=\"imagen-1\" data-e-action-hash=\"#elementor-action%3Aaction%3Dlightbox%26settings%3DeyJpZCI6OTMwLCJ1cmwiOiJodHRwczpcL1wvd3d3LmFycGFwb2RhLmNvbVwvd3AtY29udGVudFwvdXBsb2Fkc1wvMjAyNFwvMDlcL2ltYWdlbi0xLTguanBnIiwic2xpZGVzaG93IjoiN2YyZTg2OCJ9\">\n\t\t\t\t\t<div class=\"e-gallery-image elementor-gallery-item__image\" data-thumbnail=\"https:\/\/www.arpapoda.com\/wp-content\/uploads\/2024\/09\/imagen-1-8.jpg\" data-width=\"548\" data-height=\"500\" aria-label=\"\" role=\"img\" ><\/div>\n\t\t\t\t\t\t\t\t\t\t\t<div class=\"elementor-gallery-item__overlay\"><\/div>\n\t\t\t\t\t\t\t\t\t\t\t\t\t\t<\/a>\n\t\t\t\t\t\t\t<a class=\"e-gallery-item elementor-gallery-item elementor-animated-content\" href=\"https:\/\/www.arpapoda.com\/wp-content\/uploads\/2024\/09\/imagen-11.jpg\" data-elementor-open-lightbox=\"yes\" data-elementor-lightbox-slideshow=\"7f2e868\" data-elementor-lightbox-title=\"imagen\" data-e-action-hash=\"#elementor-action%3Aaction%3Dlightbox%26settings%3DeyJpZCI6OTUxLCJ1cmwiOiJodHRwczpcL1wvd3d3LmFycGFwb2RhLmNvbVwvd3AtY29udGVudFwvdXBsb2Fkc1wvMjAyNFwvMDlcL2ltYWdlbi0xMS5qcGciLCJzbGlkZXNob3ciOiI3ZjJlODY4In0%3D\">\n\t\t\t\t\t<div class=\"e-gallery-image elementor-gallery-item__image\" data-thumbnail=\"https:\/\/www.arpapoda.com\/wp-content\/uploads\/2024\/09\/imagen-11.jpg\" data-width=\"1120\" data-height=\"516\" aria-label=\"\" role=\"img\" ><\/div>\n\t\t\t\t\t\t\t\t\t\t\t<div class=\"elementor-gallery-item__overlay\"><\/div>\n\t\t\t\t\t\t\t\t\t\t\t\t\t\t<\/a>\n\t\t\t\t\t\t\t<a class=\"e-gallery-item elementor-gallery-item elementor-animated-content\" href=\"https:\/\/www.arpapoda.com\/wp-content\/uploads\/2024\/09\/Rectangle-1.jpg\" data-elementor-open-lightbox=\"yes\" data-elementor-lightbox-slideshow=\"7f2e868\" data-elementor-lightbox-title=\"Rectangle 1\" data-e-action-hash=\"#elementor-action%3Aaction%3Dlightbox%26settings%3DeyJpZCI6OTUyLCJ1cmwiOiJodHRwczpcL1wvd3d3LmFycGFwb2RhLmNvbVwvd3AtY29udGVudFwvdXBsb2Fkc1wvMjAyNFwvMDlcL1JlY3RhbmdsZS0xLmpwZyIsInNsaWRlc2hvdyI6IjdmMmU4NjgifQ%3D%3D\">\n\t\t\t\t\t<div class=\"e-gallery-image elementor-gallery-item__image\" data-thumbnail=\"https:\/\/www.arpapoda.com\/wp-content\/uploads\/2024\/09\/Rectangle-1.jpg\" data-width=\"548\" data-height=\"500\" aria-label=\"\" role=\"img\" ><\/div>\n\t\t\t\t\t\t\t\t\t\t\t<div class=\"elementor-gallery-item__overlay\"><\/div>\n\t\t\t\t\t\t\t\t\t\t\t\t\t\t<\/a>\n\t\t\t\t\t\t\t<a class=\"e-gallery-item elementor-gallery-item elementor-animated-content\" href=\"https:\/\/www.arpapoda.com\/wp-content\/uploads\/2024\/09\/Rectangle-2.jpg\" data-elementor-open-lightbox=\"yes\" data-elementor-lightbox-slideshow=\"7f2e868\" data-elementor-lightbox-title=\"Rectangle 2\" data-e-action-hash=\"#elementor-action%3Aaction%3Dlightbox%26settings%3DeyJpZCI6OTUzLCJ1cmwiOiJodHRwczpcL1wvd3d3LmFycGFwb2RhLmNvbVwvd3AtY29udGVudFwvdXBsb2Fkc1wvMjAyNFwvMDlcL1JlY3RhbmdsZS0yLmpwZyIsInNsaWRlc2hvdyI6IjdmMmU4NjgifQ%3D%3D\">\n\t\t\t\t\t<div class=\"e-gallery-image elementor-gallery-item__image\" data-thumbnail=\"https:\/\/www.arpapoda.com\/wp-content\/uploads\/2024\/09\/Rectangle-2.jpg\" data-width=\"548\" data-height=\"500\" aria-label=\"\" role=\"img\" ><\/div>\n\t\t\t\t\t\t\t\t\t\t\t<div class=\"elementor-gallery-item__overlay\"><\/div>\n\t\t\t\t\t\t\t\t\t\t\t\t\t\t<\/a>\n\t\t\t\t\t\t\t<a class=\"e-gallery-item elementor-gallery-item elementor-animated-content\" href=\"https:\/\/www.arpapoda.com\/wp-content\/uploads\/2024\/09\/Rectangle-3.jpg\" data-elementor-open-lightbox=\"yes\" data-elementor-lightbox-slideshow=\"7f2e868\" data-elementor-lightbox-title=\"Rectangle 3\" data-e-action-hash=\"#elementor-action%3Aaction%3Dlightbox%26settings%3DeyJpZCI6OTU0LCJ1cmwiOiJodHRwczpcL1wvd3d3LmFycGFwb2RhLmNvbVwvd3AtY29udGVudFwvdXBsb2Fkc1wvMjAyNFwvMDlcL1JlY3RhbmdsZS0zLmpwZyIsInNsaWRlc2hvdyI6IjdmMmU4NjgifQ%3D%3D\">\n\t\t\t\t\t<div class=\"e-gallery-image elementor-gallery-item__image\" data-thumbnail=\"https:\/\/www.arpapoda.com\/wp-content\/uploads\/2024\/09\/Rectangle-3.jpg\" data-width=\"548\" data-height=\"500\" aria-label=\"\" role=\"img\" ><\/div>\n\t\t\t\t\t\t\t\t\t\t\t<div class=\"elementor-gallery-item__overlay\"><\/div>\n\t\t\t\t\t\t\t\t\t\t\t\t\t\t<\/a>\n\t\t\t\t\t\t\t<a class=\"e-gallery-item elementor-gallery-item elementor-animated-content\" href=\"https:\/\/www.arpapoda.com\/wp-content\/uploads\/2024\/09\/Rectangle-4.jpg\" data-elementor-open-lightbox=\"yes\" data-elementor-lightbox-slideshow=\"7f2e868\" data-elementor-lightbox-title=\"Rectangle 4\" data-e-action-hash=\"#elementor-action%3Aaction%3Dlightbox%26settings%3DeyJpZCI6OTU1LCJ1cmwiOiJodHRwczpcL1wvd3d3LmFycGFwb2RhLmNvbVwvd3AtY29udGVudFwvdXBsb2Fkc1wvMjAyNFwvMDlcL1JlY3RhbmdsZS00LmpwZyIsInNsaWRlc2hvdyI6IjdmMmU4NjgifQ%3D%3D\">\n\t\t\t\t\t<div class=\"e-gallery-image elementor-gallery-item__image\" data-thumbnail=\"https:\/\/www.arpapoda.com\/wp-content\/uploads\/2024\/09\/Rectangle-4.jpg\" data-width=\"548\" data-height=\"500\" aria-label=\"\" role=\"img\" ><\/div>\n\t\t\t\t\t\t\t\t\t\t\t<div class=\"elementor-gallery-item__overlay\"><\/div>\n\t\t\t\t\t\t\t\t\t\t\t\t\t\t<\/a>\n\t\t\t\t\t<\/div>\n\t\t\t\t\t<\/div>\n\t\t\t\t<\/div>\n\t\t\t\t<\/div>\n\t\t\t\t\t<\/div>\n\t\t\t\t<\/div>\n\t\t\t\t<\/div>\n\t\t","protected":false},"excerpt":{"rendered":"<p>Proyectos que transforman tu entorno Descubre c\u00f3mo hemos transformado diversos espacios en oasis de belleza y funcionalidad. Explora mis proyectos recientes y encuentra inspiraci\u00f3n para tu pr\u00f3ximo jard\u00edn.<\/p>\n","protected":false},"author":1,"featured_media":122,"parent":0,"menu_order":0,"comment_status":"closed","ping_status":"closed","template":"elementor_header_footer","meta":{"footnotes":""},"class_list":["post-173","page","type-page","status-publish","has-post-thumbnail","hentry"],"yoast_head":"<!-- This site is optimized with the Yoast SEO plugin v27.4 - https:\/\/yoast.com\/product\/yoast-seo-wordpress\/ -->\n<title>Proyectos - Transforma tu jard\u00edn con ARPA<\/title>\n<meta name=\"robots\" content=\"index, follow, max-snippet:-1, max-image-preview:large, max-video-preview:-1\" \/>\n<link rel=\"canonical\" href=\"https:\/\/www.arpapoda.com\/es\/proyectos\/\" \/>\n<meta property=\"og:locale\" content=\"es_ES\" \/>\n<meta property=\"og:type\" content=\"article\" \/>\n<meta property=\"og:title\" content=\"Proyectos - Transforma tu jard\u00edn con ARPA\" \/>\n<meta property=\"og:description\" content=\"Proyectos que transforman tu entorno Descubre c\u00f3mo hemos transformado diversos espacios en oasis de belleza y funcionalidad. Explora mis proyectos recientes y encuentra inspiraci\u00f3n para tu pr\u00f3ximo jard\u00edn.\" \/>\n<meta property=\"og:url\" content=\"https:\/\/www.arpapoda.com\/es\/proyectos\/\" \/>\n<meta property=\"og:site_name\" content=\"Transforma tu jard\u00edn con ARPA\" \/>\n<meta property=\"article:modified_time\" content=\"2025-02-02T12:33:39+00:00\" \/>\n<meta property=\"og:image\" content=\"https:\/\/www.arpapoda.com\/wp-content\/uploads\/2024\/08\/Imagen134-1.jpg\" \/>\n\t<meta property=\"og:image:width\" content=\"1200\" \/>\n\t<meta property=\"og:image:height\" content=\"650\" \/>\n\t<meta property=\"og:image:type\" content=\"image\/jpeg\" \/>\n<meta name=\"twitter:card\" content=\"summary_large_image\" \/>\n<script type=\"application\/ld+json\" class=\"yoast-schema-graph\">{\"@context\":\"https:\\\/\\\/schema.org\",\"@graph\":[{\"@type\":\"WebPage\",\"@id\":\"https:\\\/\\\/www.arpapoda.com\\\/es\\\/proyectos\\\/\",\"url\":\"https:\\\/\\\/www.arpapoda.com\\\/es\\\/proyectos\\\/\",\"name\":\"Proyectos - Transforma tu jard\u00edn con ARPA\",\"isPartOf\":{\"@id\":\"https:\\\/\\\/www.arpapoda.com\\\/es\\\/#website\"},\"primaryImageOfPage\":{\"@id\":\"https:\\\/\\\/www.arpapoda.com\\\/es\\\/proyectos\\\/#primaryimage\"},\"image\":{\"@id\":\"https:\\\/\\\/www.arpapoda.com\\\/es\\\/proyectos\\\/#primaryimage\"},\"thumbnailUrl\":\"https:\\\/\\\/www.arpapoda.com\\\/wp-content\\\/uploads\\\/2024\\\/08\\\/Imagen134-1.jpg\",\"datePublished\":\"2024-08-13T14:43:11+00:00\",\"dateModified\":\"2025-02-02T12:33:39+00:00\",\"breadcrumb\":{\"@id\":\"https:\\\/\\\/www.arpapoda.com\\\/es\\\/proyectos\\\/#breadcrumb\"},\"inLanguage\":\"es\",\"potentialAction\":[{\"@type\":\"ReadAction\",\"target\":[\"https:\\\/\\\/www.arpapoda.com\\\/es\\\/proyectos\\\/\"]}]},{\"@type\":\"ImageObject\",\"inLanguage\":\"es\",\"@id\":\"https:\\\/\\\/www.arpapoda.com\\\/es\\\/proyectos\\\/#primaryimage\",\"url\":\"https:\\\/\\\/www.arpapoda.com\\\/wp-content\\\/uploads\\\/2024\\\/08\\\/Imagen134-1.jpg\",\"contentUrl\":\"https:\\\/\\\/www.arpapoda.com\\\/wp-content\\\/uploads\\\/2024\\\/08\\\/Imagen134-1.jpg\",\"width\":1200,\"height\":650},{\"@type\":\"BreadcrumbList\",\"@id\":\"https:\\\/\\\/www.arpapoda.com\\\/es\\\/proyectos\\\/#breadcrumb\",\"itemListElement\":[{\"@type\":\"ListItem\",\"position\":1,\"name\":\"Portada\",\"item\":\"https:\\\/\\\/www.arpapoda.com\\\/\"},{\"@type\":\"ListItem\",\"position\":2,\"name\":\"Proyectos\"}]},{\"@type\":\"WebSite\",\"@id\":\"https:\\\/\\\/www.arpapoda.com\\\/es\\\/#website\",\"url\":\"https:\\\/\\\/www.arpapoda.com\\\/es\\\/\",\"name\":\"Transforma tu jard\u00edn con ARPA\",\"description\":\"Tu jard\u00edn en buenas manos\",\"publisher\":{\"@id\":\"https:\\\/\\\/www.arpapoda.com\\\/es\\\/#organization\"},\"potentialAction\":[{\"@type\":\"SearchAction\",\"target\":{\"@type\":\"EntryPoint\",\"urlTemplate\":\"https:\\\/\\\/www.arpapoda.com\\\/es\\\/?s={search_term_string}\"},\"query-input\":{\"@type\":\"PropertyValueSpecification\",\"valueRequired\":true,\"valueName\":\"search_term_string\"}}],\"inLanguage\":\"es\"},{\"@type\":\"Organization\",\"@id\":\"https:\\\/\\\/www.arpapoda.com\\\/es\\\/#organization\",\"name\":\"ARPA Poda Arboricultura y Paisajismo\",\"url\":\"https:\\\/\\\/www.arpapoda.com\\\/es\\\/\",\"logo\":{\"@type\":\"ImageObject\",\"inLanguage\":\"es\",\"@id\":\"https:\\\/\\\/www.arpapoda.com\\\/es\\\/#\\\/schema\\\/logo\\\/image\\\/\",\"url\":\"https:\\\/\\\/www.arpapoda.com\\\/wp-content\\\/uploads\\\/2024\\\/07\\\/Group-5-6.png\",\"contentUrl\":\"https:\\\/\\\/www.arpapoda.com\\\/wp-content\\\/uploads\\\/2024\\\/07\\\/Group-5-6.png\",\"width\":232,\"height\":400,\"caption\":\"ARPA Poda Arboricultura y Paisajismo\"},\"image\":{\"@id\":\"https:\\\/\\\/www.arpapoda.com\\\/es\\\/#\\\/schema\\\/logo\\\/image\\\/\"},\"sameAs\":[\"https:\\\/\\\/www.instagram.com\\\/arboriculturaypaisajismo\\\/\"]}]}<\/script>\n<!-- \/ Yoast SEO plugin. -->","yoast_head_json":{"title":"Proyectos - Transforma tu jard\u00edn con ARPA","robots":{"index":"index","follow":"follow","max-snippet":"max-snippet:-1","max-image-preview":"max-image-preview:large","max-video-preview":"max-video-preview:-1"},"canonical":"https:\/\/www.arpapoda.com\/es\/proyectos\/","og_locale":"es_ES","og_type":"article","og_title":"Proyectos - Transforma tu jard\u00edn con ARPA","og_description":"Proyectos que transforman tu entorno Descubre c\u00f3mo hemos transformado diversos espacios en oasis de belleza y funcionalidad. Explora mis proyectos recientes y encuentra inspiraci\u00f3n para tu pr\u00f3ximo jard\u00edn.","og_url":"https:\/\/www.arpapoda.com\/es\/proyectos\/","og_site_name":"Transforma tu jard\u00edn con ARPA","article_modified_time":"2025-02-02T12:33:39+00:00","og_image":[{"width":1200,"height":650,"url":"https:\/\/www.arpapoda.com\/wp-content\/uploads\/2024\/08\/Imagen134-1.jpg","type":"image\/jpeg"}],"twitter_card":"summary_large_image","schema":{"@context":"https:\/\/schema.org","@graph":[{"@type":"WebPage","@id":"https:\/\/www.arpapoda.com\/es\/proyectos\/","url":"https:\/\/www.arpapoda.com\/es\/proyectos\/","name":"Proyectos - Transforma tu jard\u00edn con ARPA","isPartOf":{"@id":"https:\/\/www.arpapoda.com\/es\/#website"},"primaryImageOfPage":{"@id":"https:\/\/www.arpapoda.com\/es\/proyectos\/#primaryimage"},"image":{"@id":"https:\/\/www.arpapoda.com\/es\/proyectos\/#primaryimage"},"thumbnailUrl":"https:\/\/www.arpapoda.com\/wp-content\/uploads\/2024\/08\/Imagen134-1.jpg","datePublished":"2024-08-13T14:43:11+00:00","dateModified":"2025-02-02T12:33:39+00:00","breadcrumb":{"@id":"https:\/\/www.arpapoda.com\/es\/proyectos\/#breadcrumb"},"inLanguage":"es","potentialAction":[{"@type":"ReadAction","target":["https:\/\/www.arpapoda.com\/es\/proyectos\/"]}]},{"@type":"ImageObject","inLanguage":"es","@id":"https:\/\/www.arpapoda.com\/es\/proyectos\/#primaryimage","url":"https:\/\/www.arpapoda.com\/wp-content\/uploads\/2024\/08\/Imagen134-1.jpg","contentUrl":"https:\/\/www.arpapoda.com\/wp-content\/uploads\/2024\/08\/Imagen134-1.jpg","width":1200,"height":650},{"@type":"BreadcrumbList","@id":"https:\/\/www.arpapoda.com\/es\/proyectos\/#breadcrumb","itemListElement":[{"@type":"ListItem","position":1,"name":"Portada","item":"https:\/\/www.arpapoda.com\/"},{"@type":"ListItem","position":2,"name":"Proyectos"}]},{"@type":"WebSite","@id":"https:\/\/www.arpapoda.com\/es\/#website","url":"https:\/\/www.arpapoda.com\/es\/","name":"Transforma tu jard\u00edn con ARPA","description":"Tu jard\u00edn en buenas manos","publisher":{"@id":"https:\/\/www.arpapoda.com\/es\/#organization"},"potentialAction":[{"@type":"SearchAction","target":{"@type":"EntryPoint","urlTemplate":"https:\/\/www.arpapoda.com\/es\/?s={search_term_string}"},"query-input":{"@type":"PropertyValueSpecification","valueRequired":true,"valueName":"search_term_string"}}],"inLanguage":"es"},{"@type":"Organization","@id":"https:\/\/www.arpapoda.com\/es\/#organization","name":"ARPA Poda Arboricultura y Paisajismo","url":"https:\/\/www.arpapoda.com\/es\/","logo":{"@type":"ImageObject","inLanguage":"es","@id":"https:\/\/www.arpapoda.com\/es\/#\/schema\/logo\/image\/","url":"https:\/\/www.arpapoda.com\/wp-content\/uploads\/2024\/07\/Group-5-6.png","contentUrl":"https:\/\/www.arpapoda.com\/wp-content\/uploads\/2024\/07\/Group-5-6.png","width":232,"height":400,"caption":"ARPA Poda Arboricultura y Paisajismo"},"image":{"@id":"https:\/\/www.arpapoda.com\/es\/#\/schema\/logo\/image\/"},"sameAs":["https:\/\/www.instagram.com\/arboriculturaypaisajismo\/"]}]}},"_links":{"self":[{"href":"https:\/\/www.arpapoda.com\/es\/wp-json\/wp\/v2\/pages\/173","targetHints":{"allow":["GET"]}}],"collection":[{"href":"https:\/\/www.arpapoda.com\/es\/wp-json\/wp\/v2\/pages"}],"about":[{"href":"https:\/\/www.arpapoda.com\/es\/wp-json\/wp\/v2\/types\/page"}],"author":[{"embeddable":true,"href":"https:\/\/www.arpapoda.com\/es\/wp-json\/wp\/v2\/users\/1"}],"replies":[{"embeddable":true,"href":"https:\/\/www.arpapoda.com\/es\/wp-json\/wp\/v2\/comments?post=173"}],"version-history":[{"count":31,"href":"https:\/\/www.arpapoda.com\/es\/wp-json\/wp\/v2\/pages\/173\/revisions"}],"predecessor-version":[{"id":1654,"href":"https:\/\/www.arpapoda.com\/es\/wp-json\/wp\/v2\/pages\/173\/revisions\/1654"}],"wp:featuredmedia":[{"embeddable":true,"href":"https:\/\/www.arpapoda.com\/es\/wp-json\/wp\/v2\/media\/122"}],"wp:attachment":[{"href":"https:\/\/www.arpapoda.com\/es\/wp-json\/wp\/v2\/media?parent=173"}],"curies":[{"name":"wp","href":"https:\/\/api.w.org\/{rel}","templated":true}]}}