{"id":1731,"date":"2025-04-21T16:40:42","date_gmt":"2025-04-21T14:40:42","guid":{"rendered":"https:\/\/www.arpapoda.com\/?page_id=1731"},"modified":"2025-04-21T17:16:14","modified_gmt":"2025-04-21T15:16:14","slug":"barcelona","status":"publish","type":"page","link":"https:\/\/www.arpapoda.com\/es\/barcelona\/","title":{"rendered":"Barcelona"},"content":{"rendered":"\t\t<div data-elementor-type=\"wp-page\" data-elementor-id=\"1731\" class=\"elementor elementor-1731\" data-elementor-post-type=\"page\">\n\t\t\t\t<div class=\"elementor-element elementor-element-d24cc64 e-con-full e-flex e-con e-parent\" data-id=\"d24cc64\" data-element_type=\"container\" data-e-type=\"container\" data-settings=\"{&quot;background_background&quot;:&quot;classic&quot;,&quot;shape_divider_bottom&quot;:&quot;mountains&quot;}\">\n\t\t\t\t<div class=\"elementor-shape elementor-shape-bottom\" aria-hidden=\"true\" data-negative=\"false\">\n\t\t\t<svg xmlns=\"http:\/\/www.w3.org\/2000\/svg\" viewBox=\"0 0 1000 100\" preserveAspectRatio=\"none\">\n\t<path class=\"elementor-shape-fill\" opacity=\"0.33\" d=\"M473,67.3c-203.9,88.3-263.1-34-320.3,0C66,119.1,0,59.7,0,59.7V0h1000v59.7 c0,0-62.1,26.1-94.9,29.3c-32.8,3.3-62.8-12.3-75.8-22.1C806,49.6,745.3,8.7,694.9,4.7S492.4,59,473,67.3z\"\/>\n\t<path class=\"elementor-shape-fill\" opacity=\"0.66\" d=\"M734,67.3c-45.5,0-77.2-23.2-129.1-39.1c-28.6-8.7-150.3-10.1-254,39.1 s-91.7-34.4-149.2,0C115.7,118.3,0,39.8,0,39.8V0h1000v36.5c0,0-28.2-18.5-92.1-18.5C810.2,18.1,775.7,67.3,734,67.3z\"\/>\n\t<path class=\"elementor-shape-fill\" d=\"M766.1,28.9c-200-57.5-266,65.5-395.1,19.5C242,1.8,242,5.4,184.8,20.6C128,35.8,132.3,44.9,89.9,52.5C28.6,63.7,0,0,0,0 h1000c0,0-9.9,40.9-83.6,48.1S829.6,47,766.1,28.9z\"\/>\n<\/svg>\t\t<\/div>\n\t\t\t\t<div class=\"elementor-element elementor-element-3cc6571 elementor-widget elementor-widget-heading\" data-id=\"3cc6571\" data-element_type=\"widget\" data-e-type=\"widget\" data-widget_type=\"heading.default\">\n\t\t\t\t<div class=\"elementor-widget-container\">\n\t\t\t\t\t<h1 class=\"elementor-heading-title elementor-size-default\">Barcelona<\/h1>\t\t\t\t<\/div>\n\t\t\t\t<\/div>\n\t\t\t\t<\/div>\n\t\t<div class=\"elementor-element elementor-element-df48531 e-flex e-con-boxed e-con e-parent\" data-id=\"df48531\" data-element_type=\"container\" data-e-type=\"container\">\n\t\t\t\t\t<div class=\"e-con-inner\">\n\t\t\t\t<div class=\"elementor-element elementor-element-88691fc elementor-widget elementor-widget-heading\" data-id=\"88691fc\" data-element_type=\"widget\" data-e-type=\"widget\" data-widget_type=\"heading.default\">\n\t\t\t\t<div class=\"elementor-widget-container\">\n\t\t\t\t\t<h2 class=\"elementor-heading-title elementor-size-default\">Transformo espacios verdes en Barcelona con servicios de paisajismo y arboricultura. Cuidado profesional de \u00e1rboles y jardines a tu medida.<\/h2>\t\t\t\t<\/div>\n\t\t\t\t<\/div>\n\t\t\t\t\t<\/div>\n\t\t\t\t<\/div>\n\t\t<div class=\"elementor-element elementor-element-c786a35 e-flex e-con-boxed e-con e-parent\" data-id=\"c786a35\" data-element_type=\"container\" data-e-type=\"container\">\n\t\t\t\t\t<div class=\"e-con-inner\">\n\t\t<div class=\"elementor-element elementor-element-9b67a36 e-con-full e-flex e-con e-child\" data-id=\"9b67a36\" data-element_type=\"container\" data-e-type=\"container\">\n\t\t\t\t<div class=\"elementor-element elementor-element-8a8efd2 elementor-widget elementor-widget-image\" data-id=\"8a8efd2\" data-element_type=\"widget\" data-e-type=\"widget\" data-widget_type=\"image.default\">\n\t\t\t\t<div class=\"elementor-widget-container\">\n\t\t\t\t\t\t\t\t\t\t\t\t\t\t\t<img fetchpriority=\"high\" decoding=\"async\" width=\"540\" height=\"335\" src=\"https:\/\/www.arpapoda.com\/wp-content\/uploads\/2025\/04\/1Frame-258.jpg\" class=\"attachment-full size-full wp-image-1737\" alt=\"\" srcset=\"https:\/\/www.arpapoda.com\/wp-content\/uploads\/2025\/04\/1Frame-258.jpg 540w, https:\/\/www.arpapoda.com\/wp-content\/uploads\/2025\/04\/1Frame-258-300x186.jpg 300w\" sizes=\"(max-width: 540px) 100vw, 540px\" \/>\t\t\t\t\t\t\t\t\t\t\t\t\t\t\t<\/div>\n\t\t\t\t<\/div>\n\t\t\t\t<\/div>\n\t\t<div class=\"elementor-element elementor-element-1384278 e-con-full e-flex e-con e-child\" data-id=\"1384278\" data-element_type=\"container\" data-e-type=\"container\">\n\t\t\t\t<div class=\"elementor-element elementor-element-a8bbd4f elementor-widget elementor-widget-heading\" data-id=\"a8bbd4f\" data-element_type=\"widget\" data-e-type=\"widget\" data-widget_type=\"heading.default\">\n\t\t\t\t<div class=\"elementor-widget-container\">\n\t\t\t\t\t<h2 class=\"elementor-heading-title elementor-size-default\">Paisajismo y poda experta en tu ciudad<\/h2>\t\t\t\t<\/div>\n\t\t\t\t<\/div>\n\t\t\t\t<div class=\"elementor-element elementor-element-82ce927 elementor-widget elementor-widget-text-editor\" data-id=\"82ce927\" data-element_type=\"widget\" data-e-type=\"widget\" data-widget_type=\"text-editor.default\">\n\t\t\t\t<div class=\"elementor-widget-container\">\n\t\t\t\t\t\t\t\t\t<p>En Barcelona, dise\u00f1o y mantengo jardines con identidad, combinando creatividad y t\u00e9cnica. Realizo podas en altura, trasplantes y asesor\u00eda especializada para que tu espacio verde sea funcional, est\u00e9tico y sostenible. Me enfoco en cuidar cada \u00e1rbol y detalle con precisi\u00f3n.<\/p>\t\t\t\t\t\t\t\t<\/div>\n\t\t\t\t<\/div>\n\t\t\t\t<\/div>\n\t\t\t\t\t<\/div>\n\t\t\t\t<\/div>\n\t\t\t\t<\/div>\n\t\t","protected":false},"excerpt":{"rendered":"<p>Barcelona Transformo espacios verdes en Barcelona con servicios de paisajismo y arboricultura. Cuidado profesional de \u00e1rboles y jardines a tu medida. Paisajismo y poda experta en tu ciudad En Barcelona, dise\u00f1o y mantengo jardines con identidad, combinando creatividad y t\u00e9cnica. Realizo podas en altura, trasplantes y asesor\u00eda especializada para que tu espacio verde sea funcional, [&hellip;]<\/p>\n","protected":false},"author":1,"featured_media":0,"parent":0,"menu_order":0,"comment_status":"closed","ping_status":"closed","template":"","meta":{"footnotes":""},"class_list":["post-1731","page","type-page","status-publish","hentry"],"yoast_head":"<!-- This site is optimized with the Yoast SEO plugin v27.4 - https:\/\/yoast.com\/product\/yoast-seo-wordpress\/ -->\n<title>Barcelona - Transforma tu jard\u00edn con ARPA<\/title>\n<meta name=\"robots\" content=\"index, follow, max-snippet:-1, max-image-preview:large, max-video-preview:-1\" \/>\n<link rel=\"canonical\" href=\"https:\/\/www.arpapoda.com\/es\/barcelona\/\" \/>\n<meta property=\"og:locale\" content=\"es_ES\" \/>\n<meta property=\"og:type\" content=\"article\" \/>\n<meta property=\"og:title\" content=\"Barcelona - Transforma tu jard\u00edn con ARPA\" \/>\n<meta property=\"og:description\" content=\"Barcelona Transformo espacios verdes en Barcelona con servicios de paisajismo y arboricultura. Cuidado profesional de \u00e1rboles y jardines a tu medida. Paisajismo y poda experta en tu ciudad En Barcelona, dise\u00f1o y mantengo jardines con identidad, combinando creatividad y t\u00e9cnica. Realizo podas en altura, trasplantes y asesor\u00eda especializada para que tu espacio verde sea funcional, [&hellip;]\" \/>\n<meta property=\"og:url\" content=\"https:\/\/www.arpapoda.com\/es\/barcelona\/\" \/>\n<meta property=\"og:site_name\" content=\"Transforma tu jard\u00edn con ARPA\" \/>\n<meta property=\"article:modified_time\" content=\"2025-04-21T15:16:14+00:00\" \/>\n<meta property=\"og:image\" content=\"https:\/\/www.arpapoda.com\/wp-content\/uploads\/2025\/04\/1Frame-258.jpg\" \/>\n<meta name=\"twitter:card\" content=\"summary_large_image\" \/>\n<meta name=\"twitter:label1\" content=\"Tiempo de lectura\" \/>\n\t<meta name=\"twitter:data1\" content=\"1 minuto\" \/>\n<script type=\"application\/ld+json\" class=\"yoast-schema-graph\">{\"@context\":\"https:\\\/\\\/schema.org\",\"@graph\":[{\"@type\":\"WebPage\",\"@id\":\"https:\\\/\\\/www.arpapoda.com\\\/en\\\/barcelona\\\/\",\"url\":\"https:\\\/\\\/www.arpapoda.com\\\/en\\\/barcelona\\\/\",\"name\":\"Barcelona - Transforma tu jard\u00edn con ARPA\",\"isPartOf\":{\"@id\":\"https:\\\/\\\/www.arpapoda.com\\\/es\\\/#website\"},\"primaryImageOfPage\":{\"@id\":\"https:\\\/\\\/www.arpapoda.com\\\/en\\\/barcelona\\\/#primaryimage\"},\"image\":{\"@id\":\"https:\\\/\\\/www.arpapoda.com\\\/en\\\/barcelona\\\/#primaryimage\"},\"thumbnailUrl\":\"https:\\\/\\\/www.arpapoda.com\\\/wp-content\\\/uploads\\\/2025\\\/04\\\/1Frame-258.jpg\",\"datePublished\":\"2025-04-21T14:40:42+00:00\",\"dateModified\":\"2025-04-21T15:16:14+00:00\",\"breadcrumb\":{\"@id\":\"https:\\\/\\\/www.arpapoda.com\\\/en\\\/barcelona\\\/#breadcrumb\"},\"inLanguage\":\"es\",\"potentialAction\":[{\"@type\":\"ReadAction\",\"target\":[\"https:\\\/\\\/www.arpapoda.com\\\/en\\\/barcelona\\\/\"]}]},{\"@type\":\"ImageObject\",\"inLanguage\":\"es\",\"@id\":\"https:\\\/\\\/www.arpapoda.com\\\/en\\\/barcelona\\\/#primaryimage\",\"url\":\"https:\\\/\\\/www.arpapoda.com\\\/wp-content\\\/uploads\\\/2025\\\/04\\\/1Frame-258.jpg\",\"contentUrl\":\"https:\\\/\\\/www.arpapoda.com\\\/wp-content\\\/uploads\\\/2025\\\/04\\\/1Frame-258.jpg\"},{\"@type\":\"BreadcrumbList\",\"@id\":\"https:\\\/\\\/www.arpapoda.com\\\/en\\\/barcelona\\\/#breadcrumb\",\"itemListElement\":[{\"@type\":\"ListItem\",\"position\":1,\"name\":\"Portada\",\"item\":\"https:\\\/\\\/www.arpapoda.com\\\/\"},{\"@type\":\"ListItem\",\"position\":2,\"name\":\"Barcelona\"}]},{\"@type\":\"WebSite\",\"@id\":\"https:\\\/\\\/www.arpapoda.com\\\/es\\\/#website\",\"url\":\"https:\\\/\\\/www.arpapoda.com\\\/es\\\/\",\"name\":\"Transforma tu jard\u00edn con ARPA\",\"description\":\"Tu jard\u00edn en buenas manos\",\"publisher\":{\"@id\":\"https:\\\/\\\/www.arpapoda.com\\\/es\\\/#organization\"},\"potentialAction\":[{\"@type\":\"SearchAction\",\"target\":{\"@type\":\"EntryPoint\",\"urlTemplate\":\"https:\\\/\\\/www.arpapoda.com\\\/es\\\/?s={search_term_string}\"},\"query-input\":{\"@type\":\"PropertyValueSpecification\",\"valueRequired\":true,\"valueName\":\"search_term_string\"}}],\"inLanguage\":\"es\"},{\"@type\":\"Organization\",\"@id\":\"https:\\\/\\\/www.arpapoda.com\\\/es\\\/#organization\",\"name\":\"ARPA Poda Arboricultura y Paisajismo\",\"url\":\"https:\\\/\\\/www.arpapoda.com\\\/es\\\/\",\"logo\":{\"@type\":\"ImageObject\",\"inLanguage\":\"es\",\"@id\":\"https:\\\/\\\/www.arpapoda.com\\\/es\\\/#\\\/schema\\\/logo\\\/image\\\/\",\"url\":\"https:\\\/\\\/www.arpapoda.com\\\/wp-content\\\/uploads\\\/2024\\\/07\\\/Group-5-6.png\",\"contentUrl\":\"https:\\\/\\\/www.arpapoda.com\\\/wp-content\\\/uploads\\\/2024\\\/07\\\/Group-5-6.png\",\"width\":232,\"height\":400,\"caption\":\"ARPA Poda Arboricultura y Paisajismo\"},\"image\":{\"@id\":\"https:\\\/\\\/www.arpapoda.com\\\/es\\\/#\\\/schema\\\/logo\\\/image\\\/\"},\"sameAs\":[\"https:\\\/\\\/www.instagram.com\\\/arboriculturaypaisajismo\\\/\"]}]}<\/script>\n<!-- \/ Yoast SEO plugin. -->","yoast_head_json":{"title":"Barcelona - Transforma tu jard\u00edn con ARPA","robots":{"index":"index","follow":"follow","max-snippet":"max-snippet:-1","max-image-preview":"max-image-preview:large","max-video-preview":"max-video-preview:-1"},"canonical":"https:\/\/www.arpapoda.com\/es\/barcelona\/","og_locale":"es_ES","og_type":"article","og_title":"Barcelona - Transforma tu jard\u00edn con ARPA","og_description":"Barcelona Transformo espacios verdes en Barcelona con servicios de paisajismo y arboricultura. Cuidado profesional de \u00e1rboles y jardines a tu medida. Paisajismo y poda experta en tu ciudad En Barcelona, dise\u00f1o y mantengo jardines con identidad, combinando creatividad y t\u00e9cnica. Realizo podas en altura, trasplantes y asesor\u00eda especializada para que tu espacio verde sea funcional, [&hellip;]","og_url":"https:\/\/www.arpapoda.com\/es\/barcelona\/","og_site_name":"Transforma tu jard\u00edn con ARPA","article_modified_time":"2025-04-21T15:16:14+00:00","og_image":[{"url":"https:\/\/www.arpapoda.com\/wp-content\/uploads\/2025\/04\/1Frame-258.jpg","type":"","width":"","height":""}],"twitter_card":"summary_large_image","twitter_misc":{"Tiempo de lectura":"1 minuto"},"schema":{"@context":"https:\/\/schema.org","@graph":[{"@type":"WebPage","@id":"https:\/\/www.arpapoda.com\/en\/barcelona\/","url":"https:\/\/www.arpapoda.com\/en\/barcelona\/","name":"Barcelona - Transforma tu jard\u00edn con ARPA","isPartOf":{"@id":"https:\/\/www.arpapoda.com\/es\/#website"},"primaryImageOfPage":{"@id":"https:\/\/www.arpapoda.com\/en\/barcelona\/#primaryimage"},"image":{"@id":"https:\/\/www.arpapoda.com\/en\/barcelona\/#primaryimage"},"thumbnailUrl":"https:\/\/www.arpapoda.com\/wp-content\/uploads\/2025\/04\/1Frame-258.jpg","datePublished":"2025-04-21T14:40:42+00:00","dateModified":"2025-04-21T15:16:14+00:00","breadcrumb":{"@id":"https:\/\/www.arpapoda.com\/en\/barcelona\/#breadcrumb"},"inLanguage":"es","potentialAction":[{"@type":"ReadAction","target":["https:\/\/www.arpapoda.com\/en\/barcelona\/"]}]},{"@type":"ImageObject","inLanguage":"es","@id":"https:\/\/www.arpapoda.com\/en\/barcelona\/#primaryimage","url":"https:\/\/www.arpapoda.com\/wp-content\/uploads\/2025\/04\/1Frame-258.jpg","contentUrl":"https:\/\/www.arpapoda.com\/wp-content\/uploads\/2025\/04\/1Frame-258.jpg"},{"@type":"BreadcrumbList","@id":"https:\/\/www.arpapoda.com\/en\/barcelona\/#breadcrumb","itemListElement":[{"@type":"ListItem","position":1,"name":"Portada","item":"https:\/\/www.arpapoda.com\/"},{"@type":"ListItem","position":2,"name":"Barcelona"}]},{"@type":"WebSite","@id":"https:\/\/www.arpapoda.com\/es\/#website","url":"https:\/\/www.arpapoda.com\/es\/","name":"Transforma tu jard\u00edn con ARPA","description":"Tu jard\u00edn en buenas manos","publisher":{"@id":"https:\/\/www.arpapoda.com\/es\/#organization"},"potentialAction":[{"@type":"SearchAction","target":{"@type":"EntryPoint","urlTemplate":"https:\/\/www.arpapoda.com\/es\/?s={search_term_string}"},"query-input":{"@type":"PropertyValueSpecification","valueRequired":true,"valueName":"search_term_string"}}],"inLanguage":"es"},{"@type":"Organization","@id":"https:\/\/www.arpapoda.com\/es\/#organization","name":"ARPA Poda Arboricultura y Paisajismo","url":"https:\/\/www.arpapoda.com\/es\/","logo":{"@type":"ImageObject","inLanguage":"es","@id":"https:\/\/www.arpapoda.com\/es\/#\/schema\/logo\/image\/","url":"https:\/\/www.arpapoda.com\/wp-content\/uploads\/2024\/07\/Group-5-6.png","contentUrl":"https:\/\/www.arpapoda.com\/wp-content\/uploads\/2024\/07\/Group-5-6.png","width":232,"height":400,"caption":"ARPA Poda Arboricultura y Paisajismo"},"image":{"@id":"https:\/\/www.arpapoda.com\/es\/#\/schema\/logo\/image\/"},"sameAs":["https:\/\/www.instagram.com\/arboriculturaypaisajismo\/"]}]}},"_links":{"self":[{"href":"https:\/\/www.arpapoda.com\/es\/wp-json\/wp\/v2\/pages\/1731","targetHints":{"allow":["GET"]}}],"collection":[{"href":"https:\/\/www.arpapoda.com\/es\/wp-json\/wp\/v2\/pages"}],"about":[{"href":"https:\/\/www.arpapoda.com\/es\/wp-json\/wp\/v2\/types\/page"}],"author":[{"embeddable":true,"href":"https:\/\/www.arpapoda.com\/es\/wp-json\/wp\/v2\/users\/1"}],"replies":[{"embeddable":true,"href":"https:\/\/www.arpapoda.com\/es\/wp-json\/wp\/v2\/comments?post=1731"}],"version-history":[{"count":13,"href":"https:\/\/www.arpapoda.com\/es\/wp-json\/wp\/v2\/pages\/1731\/revisions"}],"predecessor-version":[{"id":1780,"href":"https:\/\/www.arpapoda.com\/es\/wp-json\/wp\/v2\/pages\/1731\/revisions\/1780"}],"wp:attachment":[{"href":"https:\/\/www.arpapoda.com\/es\/wp-json\/wp\/v2\/media?parent=1731"}],"curies":[{"name":"wp","href":"https:\/\/api.w.org\/{rel}","templated":true}]}}